{"id":12,"date":"2012-01-05T12:38:23","date_gmt":"2012-01-05T11:38:23","guid":{"rendered":"http:\/\/zds.sk\/?page_id=12"},"modified":"2020-01-07T17:58:19","modified_gmt":"2020-01-07T16:58:19","slug":"zds","status":"publish","type":"page","link":"https:\/\/www.zds.sk\/?page_id=12","title":{"rendered":"ZDS"},"content":{"rendered":"<p>&nbsp;<\/p>\n<p>je dobrovo\u013en\u00e9 ob\u010dianske zdru\u017eenie, zalo\u017een\u00e9 v s\u00falade so z\u00e1konom o zdru\u017eovan\u00ed ob\u010danov v roku 1990.<\/p>\n<p>V z\u00e1kladn\u00fdch organiz\u00e1ci\u00e1ch v jednotliv\u00fdch mest\u00e1ch Slovenska zdru\u017euje diabetikov v\u0161etk\u00fdch vekov\u00fdch skup\u00edn, rodinn\u00fdch pr\u00edslu\u0161n\u00edkov diabetikov, zdravotn\u00edkov, rizikov\u00e9 skupiny a sympatizantov diabetikov.<\/p>\n<p>Poslan\u00edm ZDS je chr\u00e1ni\u0165 pr\u00e1va diabetikov ako pacientov, spotrebite\u013eov, ob\u010danov, informova\u0165 o pr\u00e1vach a povinnostiach diabetikov, edukova\u0165 diabetikov, rodinn\u00fdch pr\u00edslu\u0161n\u00edkov diabetikov, ale aj rizikov\u00e9 skupiny.<\/p>\n<p>\u010clenstvo v ZDS m\u00f4\u017ee by\u0165 radov\u00e9, riadne, kore\u0161ponden\u010dn\u00e9 a \u010destn\u00e9.<\/p>\n<p>&nbsp;<\/p>\n<p style=\"text-align: center;\"><strong><span style=\"text-decoration: underline;\">Zv\u00e4z diabetikov Slovenska, \u00fastredie:<\/span><\/strong><\/p>\n<p style=\"text-align: center;\"><strong>S\u00fa\u0165a\u017en\u00e1 18<\/strong><\/p>\n<p style=\"text-align: center;\"><strong>821 08, Bratislava 2<\/strong><\/p>\n<p style=\"text-align: center;\"><strong>Slovensk\u00e1 republika<\/strong><\/p>\n<p style=\"text-align: center;\"><strong><span style=\"text-decoration: underline;\">Telef\u00f3nne kontakty:<\/span><\/strong><\/p>\n<p style=\"text-align: center;\"><strong>0907 847 021<\/strong><\/p>\n<p style=\"text-align: center;\"><strong>0903 789 717<\/strong><\/p>\n<p style=\"text-align: center;\"><strong><span style=\"text-decoration: underline;\">E-mailov\u00fd kontakt:<\/span><\/strong><\/p>\n<p style=\"text-align: center;\"><strong>zds.zds1@gmail.com<\/strong><\/p>\n<p style=\"text-align: center;\"><strong><span style=\"text-decoration: underline;\">Registr\u00e1cia:<\/span><\/strong><\/p>\n<p style=\"text-align: center;\"><strong>Ministerstvo vn\u00fatra Slovenskej republiky 27.4.1990<\/strong><\/p>\n<p style=\"text-align: center;\"><strong>pod \u010d\u00edslom: VVS\/1-819\/1990<\/strong><\/p>\n<p style=\"text-align: center;\"><strong><span style=\"text-decoration: underline;\">Bankov\u00e9 spojenie:<\/span><\/strong><\/p>\n<p style=\"text-align: center;\"><strong>IBAN: SK88 0900 0000 0000 1147 7787 Slovensk\u00e1 sporite\u013e\u0148a, a.s. Bratislava<\/strong><\/p>\n<p style=\"text-align: center;\"><strong><span style=\"text-decoration: underline;\">I\u010cO:<\/span> 00641332<\/strong><\/p>\n<p style=\"text-align: center;\"><strong><span style=\"text-decoration: underline;\">DI\u010c:<\/span> 2021397697<\/strong><\/p>\n","protected":false},"excerpt":{"rendered":"<p>&nbsp; je dobrovo\u013en\u00e9 ob\u010dianske zdru\u017eenie, zalo\u017een\u00e9 v s\u00falade so z\u00e1konom o zdru\u017eovan\u00ed ob\u010danov v roku 1990. V z\u00e1kladn\u00fdch organiz\u00e1ci\u00e1ch v jednotliv\u00fdch mest\u00e1ch Slovenska zdru\u017euje diabetikov v\u0161etk\u00fdch vekov\u00fdch skup\u00edn, rodinn\u00fdch pr\u00edslu\u0161n\u00edkov diabetikov, zdravotn\u00edkov, rizikov\u00e9 skupiny a sympatizantov diabetikov. Poslan\u00edm ZDS je chr\u00e1ni\u0165 pr\u00e1va diabetikov ako pacientov, spotrebite\u013eov, ob\u010danov, informova\u0165 o pr\u00e1vach a povinnostiach diabetikov, edukova\u0165 diabetikov,&#8230;<\/p>\n","protected":false},"author":1,"featured_media":0,"parent":0,"menu_order":0,"comment_status":"closed","ping_status":"closed","template":"","meta":{"ngg_post_thumbnail":0,"_kadence_starter_templates_imported_post":false,"_kad_post_transparent":"","_kad_post_title":"","_kad_post_layout":"","_kad_post_sidebar_id":"","_kad_post_content_style":"","_kad_post_vertical_padding":"","_kad_post_feature":"","_kad_post_feature_position":"","_kad_post_header":false,"_kad_post_footer":false,"_kad_post_classname":"","footnotes":""},"class_list":["post-12","page","type-page","status-publish","hentry"],"_links":{"self":[{"href":"https:\/\/www.zds.sk\/index.php?rest_route=\/wp\/v2\/pages\/12","targetHints":{"allow":["GET"]}}],"collection":[{"href":"https:\/\/www.zds.sk\/index.php?rest_route=\/wp\/v2\/pages"}],"about":[{"href":"https:\/\/www.zds.sk\/index.php?rest_route=\/wp\/v2\/types\/page"}],"author":[{"embeddable":true,"href":"https:\/\/www.zds.sk\/index.php?rest_route=\/wp\/v2\/users\/1"}],"replies":[{"embeddable":true,"href":"https:\/\/www.zds.sk\/index.php?rest_route=%2Fwp%2Fv2%2Fcomments&post=12"}],"version-history":[{"count":9,"href":"https:\/\/www.zds.sk\/index.php?rest_route=\/wp\/v2\/pages\/12\/revisions"}],"predecessor-version":[{"id":1027,"href":"https:\/\/www.zds.sk\/index.php?rest_route=\/wp\/v2\/pages\/12\/revisions\/1027"}],"wp:attachment":[{"href":"https:\/\/www.zds.sk\/index.php?rest_route=%2Fwp%2Fv2%2Fmedia&parent=12"}],"curies":[{"name":"wp","href":"https:\/\/api.w.org\/{rel}","templated":true}]}}