{"id":1402,"date":"2026-05-14T13:38:22","date_gmt":"2026-05-14T11:38:22","guid":{"rendered":"https:\/\/www.zds.sk\/?page_id=1402"},"modified":"2026-05-14T13:38:22","modified_gmt":"2026-05-14T11:38:22","slug":"prihlaska-za-korespondecneho-clena-zds","status":"publish","type":"page","link":"https:\/\/www.zds.sk\/?page_id=1402","title":{"rendered":"Prihl\u00e1\u0161ka za kore\u0161ponde\u010dn\u00e9ho \u010dlena ZDS"},"content":{"rendered":"\n<p>\u00dahradou \u010dlensk\u00e9ho pr\u00edspevku z\u00edskate ve\u013ea v\u00fdhod, ale hlavne podpor\u00edte existenciu Zv\u00e4zu diabetikov Slovenska, ktor\u00fd z ve\u013ekej miery funguje aj z t\u00fdchto pr\u00edspevkov. <\/p>\n\n\n\n<p>Po \u00fahrade \u010dlensk\u00e9ho pr\u00edspevku vo\u00a0v\u00fd\u0161ke 20\u2008\u20ac na\u00a0\u00fa\u010det ZDS (IBAN: SK88 0900\u20090000\u20090000\u20091147\u20097787) kore\u0161ponden\u010dn\u00fd \u010dlen ZDS automaticky z\u00edskava pr\u00e1va \u010dlena ZDS z\u00fa\u010dast\u0148ova\u0165 sa na\u00a0akci\u00e1ch, dost\u00e1va\u0165 \u010dasopis pre\u00a0diabetikov a\u00a0\u010fal\u0161ie eduka\u010dn\u00e9 a\u00a0informa\u010dn\u00e9 materi\u00e1ly.<\/p>\n\n\n<style id=\"wpforms-css-vars-1387-block-857fe08d-8250-4fbf-a822-a3a442cf353f\">\n\t\t\t\t#wpforms-1387.wpforms-block-857fe08d-8250-4fbf-a822-a3a442cf353f {\n\t\t\t\t--wpforms-field-size-input-height: 43px;\n--wpforms-field-size-input-spacing: 15px;\n--wpforms-field-size-font-size: 16px;\n--wpforms-field-size-line-height: 19px;\n--wpforms-field-size-padding-h: 14px;\n--wpforms-field-size-checkbox-size: 16px;\n--wpforms-field-size-sublabel-spacing: 5px;\n--wpforms-field-size-icon-size: 1;\n--wpforms-label-size-font-size: 16px;\n--wpforms-label-size-line-height: 19px;\n--wpforms-label-size-sublabel-font-size: 14px;\n--wpforms-label-size-sublabel-line-height: 17px;\n--wpforms-button-size-font-size: 17px;\n--wpforms-button-size-height: 41px;\n--wpforms-button-size-padding-h: 15px;\n--wpforms-button-size-margin-top: 10px;\n\t\t\t}\n\t\t\t<\/style><div class=\"wpforms-container wpforms-container-full wpforms-block wpforms-block-857fe08d-8250-4fbf-a822-a3a442cf353f wpforms-render-modern\" id=\"wpforms-1387\"><form id=\"wpforms-form-1387\" class=\"wpforms-validate wpforms-form\" data-formid=\"1387\" method=\"post\" enctype=\"multipart\/form-data\" action=\"\/index.php?rest_route=%2Fwp%2Fv2%2Fpages%2F1402\" data-token=\"82a85a1afea82ef69896686db4d5679c\" data-token-time=\"1778841978\"><noscript class=\"wpforms-error-noscript\">Please enable JavaScript in your browser to complete this form.<\/noscript><div id=\"wpforms-error-noscript\" style=\"display: none;\">Please enable JavaScript in your browser to complete this form.<\/div><div class=\"wpforms-field-container\"><div id=\"wpforms-1387-field_1-container\" class=\"wpforms-field wpforms-field-text\" data-field-id=\"1\"><label class=\"wpforms-field-label\" for=\"wpforms-1387-field_1\">Meno, priezvisko, titul <span class=\"wpforms-required-label\" aria-hidden=\"true\">*<\/span><\/label><input type=\"text\" id=\"wpforms-1387-field_1\" class=\"wpforms-field-small wpforms-field-required\" name=\"wpforms[fields][1]\" aria-errormessage=\"wpforms-1387-field_1-error\" required><\/div><div id=\"wpforms-1387-field_2-container\" class=\"wpforms-field wpforms-field-text\" data-field-id=\"2\"><label class=\"wpforms-field-label\" for=\"wpforms-1387-field_2\">D\u00e1tum narodenia <span class=\"wpforms-required-label\" aria-hidden=\"true\">*<\/span><\/label><input type=\"text\" id=\"wpforms-1387-field_2\" class=\"wpforms-field-small wpforms-field-required wpforms-masked-input\" data-rule-inputmask-incomplete=\"1\" data-inputmask-alias=\"datetime\" data-inputmask-inputformat=\"d\/m\/yyyy\" data-inputmask-inputmode=\"numeric\" name=\"wpforms[fields][2]\" aria-errormessage=\"wpforms-1387-field_2-error\" required><\/div><div id=\"wpforms-1387-field_18-container\" class=\"wpforms-field wpforms-field-text\" data-field-id=\"18\"><label class=\"wpforms-field-label\" for=\"wpforms-1387-field_18\">Adresa bydliska, PS\u010c <span class=\"wpforms-required-label\" aria-hidden=\"true\">*<\/span><\/label><input type=\"text\" id=\"wpforms-1387-field_18\" class=\"wpforms-field-small wpforms-field-required\" name=\"wpforms[fields][18]\" aria-errormessage=\"wpforms-1387-field_18-error\" required><\/div><div id=\"wpforms-1387-field_4-container\" class=\"wpforms-field wpforms-field-text\" data-field-id=\"4\"><label class=\"wpforms-field-label\" for=\"wpforms-1387-field_4\">Telef\u00f3n <span class=\"wpforms-required-label\" aria-hidden=\"true\">*<\/span><\/label><input type=\"text\" id=\"wpforms-1387-field_4\" class=\"wpforms-field-small wpforms-field-required wpforms-masked-input\" data-rule-inputmask-incomplete=\"1\" data-inputmask-mask=\"+9{1,} *{0,}\" name=\"wpforms[fields][4]\" aria-errormessage=\"wpforms-1387-field_4-error\" required><\/div><div id=\"wpforms-1387-field_6-container\" class=\"wpforms-field wpforms-field-email\" data-field-id=\"6\"><label class=\"wpforms-field-label\" for=\"wpforms-1387-field_6\">E\u2011mail <span class=\"wpforms-required-label\" aria-hidden=\"true\">*<\/span><\/label><input type=\"email\" id=\"wpforms-1387-field_6\" class=\"wpforms-field-small wpforms-field-required\" name=\"wpforms[fields][6]\" spellcheck=\"false\" aria-errormessage=\"wpforms-1387-field_6-error\" required><\/div>\t\t<div id=\"wpforms-1387-field_3-container\"\n\t\t\tclass=\"wpforms-field wpforms-field-text\"\n\t\t\tdata-field-type=\"text\"\n\t\t\tdata-field-id=\"3\"\n\t\t\t>\n\t\t\t<label class=\"wpforms-field-label\" for=\"wpforms-1387-field_3\" >pr\u00edslu\u0161n\u00edk Lie\u010dba Nediabetik<\/label>\n\t\t\t<input type=\"text\" id=\"wpforms-1387-field_3\" class=\"wpforms-field-medium\" name=\"wpforms[fields][3]\" >\n\t\t<\/div>\n\t\t<div id=\"wpforms-1387-field_7-container\" class=\"wpforms-field wpforms-field-select wpforms-field-select-style-modern\" data-field-id=\"7\"><label class=\"wpforms-field-label\" for=\"wpforms-1387-field_7\">DM typ <span class=\"wpforms-required-label\" aria-hidden=\"true\">*<\/span><\/label><select id=\"wpforms-1387-field_7\" class=\"wpforms-field-small wpforms-field-required choicesjs-select\" data-size-class=\"wpforms-field-row wpforms-field-small\" data-search-enabled=\"\" name=\"wpforms[fields][7]\" required=\"required\"><option value=\"\" class=\"placeholder\" disabled >Vyberte mo\u017enos\u0165<\/option><option value=\"Diabetes mellitus 1. typ\"  class=\"choice-1 depth-1\"  >Diabetes mellitus 1. typ<\/option><option value=\"Diabetes mellitus 2. typ\"  class=\"choice-2 depth-1\"  >Diabetes mellitus 2. typ<\/option><option value=\"In\u00fd\"  selected='selected' class=\"choice-3 depth-1\"  >In\u00fd<\/option><\/select><\/div><div id=\"wpforms-1387-field_8-container\" class=\"wpforms-field wpforms-field-text\" data-field-id=\"8\"><label class=\"wpforms-field-label\" for=\"wpforms-1387-field_8\">DM od (rok)<\/label><input type=\"text\" id=\"wpforms-1387-field_8\" class=\"wpforms-field-small wpforms-masked-input\" data-rule-inputmask-incomplete=\"1\" data-inputmask-alias=\"datetime\" data-inputmask-inputformat=\"yyyy\" data-inputmask-inputmode=\"numeric\" name=\"wpforms[fields][8]\" aria-errormessage=\"wpforms-1387-field_8-error\" ><\/div><div id=\"wpforms-1387-field_9-container\" class=\"wpforms-field wpforms-field-select wpforms-field-select-style-modern\" data-field-id=\"9\"><label class=\"wpforms-field-label\" for=\"wpforms-1387-field_9\">Nediabetik \u2013 sympatizant ZDS <span class=\"wpforms-required-label\" aria-hidden=\"true\">*<\/span><\/label><select id=\"wpforms-1387-field_9\" class=\"wpforms-field-small wpforms-field-required choicesjs-select\" data-size-class=\"wpforms-field-row wpforms-field-small\" data-search-enabled=\"\" name=\"wpforms[fields][9]\" required=\"required\"><option value=\"\" class=\"placeholder\" disabled >Vyberte mo\u017enos\u0165<\/option><option value=\"\u00c1no\"  class=\"choice-1 depth-1\"  >\u00c1no<\/option><option value=\"Nie\"  selected='selected' class=\"choice-2 depth-1\"  >Nie<\/option><\/select><\/div><div id=\"wpforms-1387-field_17-container\" class=\"wpforms-field wpforms-field-select wpforms-field-select-style-modern\" data-field-id=\"17\"><label class=\"wpforms-field-label\" for=\"wpforms-1387-field_17\">Lie\u010dba DM <span class=\"wpforms-required-label\" aria-hidden=\"true\">*<\/span><\/label><select id=\"wpforms-1387-field_17\" class=\"wpforms-field-small wpforms-field-required choicesjs-select\" data-size-class=\"wpforms-field-row wpforms-field-small\" data-search-enabled=\"\" name=\"wpforms[fields][17]\" required=\"required\"><option value=\"\" class=\"placeholder\" disabled >Vyberte mo\u017enos\u0165<\/option><option value=\"\u00c1no\"  selected='selected' class=\"choice-1 depth-1\"  >\u00c1no<\/option><option value=\"Nie\"  class=\"choice-2 depth-1\"  >Nie<\/option><\/select><\/div><div id=\"wpforms-1387-field_10-container\" class=\"wpforms-field wpforms-field-select wpforms-field-select-style-modern\" data-field-id=\"10\"><label class=\"wpforms-field-label\" for=\"wpforms-1387-field_10\">Rodinn\u00fd pr\u00edslu\u0161n\u00edk diabetika<\/label><select id=\"wpforms-1387-field_10\" class=\"wpforms-field-small choicesjs-select\" data-size-class=\"wpforms-field-row wpforms-field-small\" data-search-enabled=\"\" name=\"wpforms[fields][10]\"><option value=\"\" class=\"placeholder\" disabled >Vyberte mo\u017enos\u0165<\/option><option value=\"\u00c1no\"  class=\"choice-1 depth-1\"  >\u00c1no<\/option><option value=\"Nie\"  selected='selected' class=\"choice-2 depth-1\"  >Nie<\/option><\/select><\/div><div id=\"wpforms-1387-field_12-container\" class=\"wpforms-field wpforms-field-text\" data-field-id=\"12\"><label class=\"wpforms-field-label\" for=\"wpforms-1387-field_12\">Glukomer typ<\/label><input type=\"text\" id=\"wpforms-1387-field_12\" class=\"wpforms-field-small\" name=\"wpforms[fields][12]\" aria-errormessage=\"wpforms-1387-field_12-error\" ><\/div><div id=\"wpforms-1387-field_13-container\" class=\"wpforms-field wpforms-field-select wpforms-field-select-style-modern\" data-field-id=\"13\"><label class=\"wpforms-field-label\" for=\"wpforms-1387-field_13\">Zdravotn\u00e1 pois\u0165ov\u0148a<\/label><select id=\"wpforms-1387-field_13\" class=\"wpforms-field-small choicesjs-select\" data-size-class=\"wpforms-field-row wpforms-field-small\" data-search-enabled=\"\" name=\"wpforms[fields][13]\"><option value=\"\" class=\"placeholder\" disabled  selected='selected'>Vyberte mo\u017enos\u0165<\/option><option value=\"V\u0161ZP\"  class=\"choice-1 depth-1\"  >V\u0161ZP<\/option><option value=\"D\u00f4vera\"  class=\"choice-2 depth-1\"  >D\u00f4vera<\/option><option value=\"Union\"  class=\"choice-3 depth-1\"  >Union<\/option><option value=\"In\u00e1\"  class=\"choice-4 depth-1\"  >In\u00e1<\/option><\/select><\/div><div id=\"wpforms-1387-field_14-container\" class=\"wpforms-field wpforms-field-text\" data-field-id=\"14\"><label class=\"wpforms-field-label\" for=\"wpforms-1387-field_14\">Meno diabetol\u00f3ga<\/label><input type=\"text\" id=\"wpforms-1387-field_14\" class=\"wpforms-field-small\" name=\"wpforms[fields][14]\" aria-errormessage=\"wpforms-1387-field_14-error\" ><\/div><div id=\"wpforms-1387-field_19-container\" class=\"wpforms-field wpforms-field-text\" data-field-id=\"19\"><label class=\"wpforms-field-label\" for=\"wpforms-1387-field_19\">Diabetologick\u00e1 ambulancia<\/label><input type=\"text\" id=\"wpforms-1387-field_19\" class=\"wpforms-field-small\" name=\"wpforms[fields][19]\" aria-errormessage=\"wpforms-1387-field_19-error\" ><\/div><div id=\"wpforms-1387-field_16-container\" class=\"wpforms-field wpforms-field-checkbox wpforms-list-inline\" data-field-id=\"16\"><fieldset><legend class=\"wpforms-field-label\">S\u00fahlas\u00edm so spracovan\u00edm osobn\u00fdch \u00fadajov <span class=\"wpforms-required-label\" aria-hidden=\"true\">*<\/span><\/legend><ul id=\"wpforms-1387-field_16\" class=\"wpforms-field-required\"><li class=\"choice-1 depth-1\"><input type=\"checkbox\" id=\"wpforms-1387-field_16_1\" name=\"wpforms[fields][16][]\" value=\"S\u00fahlas\u00edm so spracovan\u00edm osobn\u00fdch \u00fadajov pre potreby ZDS pod\u013ea Z\u00e1kona \u010d. 122\/2013 Z. z. o ochrane osobn\u00fdch \u00fadajov v znen\u00ed z\u00e1kona a zmene a doplnen\u00ed niektor\u00fdch z\u00e1konov.\" aria-errormessage=\"wpforms-1387-field_16_1-error\" required ><label class=\"wpforms-field-label-inline\" for=\"wpforms-1387-field_16_1\">S\u00fahlas\u00edm so spracovan\u00edm osobn\u00fdch \u00fadajov pre potreby ZDS pod\u013ea Z\u00e1kona \u010d. 122\/2013 Z. z. o ochrane osobn\u00fdch \u00fadajov v znen\u00ed z\u00e1kona a zmene a doplnen\u00ed niektor\u00fdch z\u00e1konov.<\/label><\/li><\/ul><\/fieldset><\/div><script>\n\t\t\t\t( function() {\n\t\t\t\t\tconst style = document.createElement( 'style' );\n\t\t\t\t\tstyle.appendChild( document.createTextNode( '#wpforms-1387-field_3-container { position: absolute !important; overflow: hidden !important; display: inline !important; height: 1px !important; width: 1px !important; z-index: -1000 !important; padding: 0 !important; } #wpforms-1387-field_3-container input { visibility: hidden; } #wpforms-conversational-form-page #wpforms-1387-field_3-container label { counter-increment: none; }' ) );\n\t\t\t\t\tdocument.head.appendChild( style );\n\t\t\t\t\tdocument.currentScript?.remove();\n\t\t\t\t} )();\n\t\t\t<\/script><\/div><!-- .wpforms-field-container --><div class=\"wpforms-submit-container\" ><input type=\"hidden\" name=\"wpforms[id]\" value=\"1387\"><input type=\"hidden\" name=\"page_title\" value=\"\"><input type=\"hidden\" name=\"page_url\" value=\"https:\/\/www.zds.sk\/index.php?rest_route=\/wp\/v2\/pages\/1402\"><input type=\"hidden\" name=\"url_referer\" value=\"\"><button type=\"submit\" name=\"wpforms[submit]\" id=\"wpforms-submit-1387\" class=\"wpforms-submit\" data-alt-text=\"Posielam...\" data-submit-text=\"Odosla\u0165 prihl\u00e1\u0161ku\" aria-live=\"assertive\" value=\"wpforms-submit\">Odosla\u0165 prihl\u00e1\u0161ku<\/button><\/div><\/form><\/div>  <!-- .wpforms-container -->","protected":false},"excerpt":{"rendered":"<p>\u00dahradou \u010dlensk\u00e9ho pr\u00edspevku z\u00edskate ve\u013ea v\u00fdhod, ale hlavne podpor\u00edte existenciu Zv\u00e4zu diabetikov Slovenska, ktor\u00fd z ve\u013ekej miery funguje aj z t\u00fdchto pr\u00edspevkov. Po \u00fahrade \u010dlensk\u00e9ho pr\u00edspevku vo\u00a0v\u00fd\u0161ke 20\u2008\u20ac na\u00a0\u00fa\u010det ZDS (IBAN: SK88 0900\u20090000\u20090000\u20091147\u20097787) kore\u0161ponden\u010dn\u00fd \u010dlen ZDS automaticky z\u00edskava pr\u00e1va \u010dlena ZDS z\u00fa\u010dast\u0148ova\u0165 sa na\u00a0akci\u00e1ch, dost\u00e1va\u0165 \u010dasopis pre\u00a0diabetikov a\u00a0\u010fal\u0161ie eduka\u010dn\u00e9 a\u00a0informa\u010dn\u00e9 materi\u00e1ly.<\/p>\n","protected":false},"author":1,"featured_media":0,"parent":0,"menu_order":0,"comment_status":"closed","ping_status":"closed","template":"","meta":{"ngg_post_thumbnail":0,"_kadence_starter_templates_imported_post":false,"_kad_post_transparent":"","_kad_post_title":"","_kad_post_layout":"","_kad_post_sidebar_id":"","_kad_post_content_style":"","_kad_post_vertical_padding":"","_kad_post_feature":"","_kad_post_feature_position":"","_kad_post_header":false,"_kad_post_footer":false,"_kad_post_classname":"","footnotes":""},"class_list":["post-1402","page","type-page","status-publish","hentry"],"_links":{"self":[{"href":"https:\/\/www.zds.sk\/index.php?rest_route=\/wp\/v2\/pages\/1402","targetHints":{"allow":["GET"]}}],"collection":[{"href":"https:\/\/www.zds.sk\/index.php?rest_route=\/wp\/v2\/pages"}],"about":[{"href":"https:\/\/www.zds.sk\/index.php?rest_route=\/wp\/v2\/types\/page"}],"author":[{"embeddable":true,"href":"https:\/\/www.zds.sk\/index.php?rest_route=\/wp\/v2\/users\/1"}],"replies":[{"embeddable":true,"href":"https:\/\/www.zds.sk\/index.php?rest_route=%2Fwp%2Fv2%2Fcomments&post=1402"}],"version-history":[{"count":3,"href":"https:\/\/www.zds.sk\/index.php?rest_route=\/wp\/v2\/pages\/1402\/revisions"}],"predecessor-version":[{"id":1406,"href":"https:\/\/www.zds.sk\/index.php?rest_route=\/wp\/v2\/pages\/1402\/revisions\/1406"}],"wp:attachment":[{"href":"https:\/\/www.zds.sk\/index.php?rest_route=%2Fwp%2Fv2%2Fmedia&parent=1402"}],"curies":[{"name":"wp","href":"https:\/\/api.w.org\/{rel}","templated":true}]}}