{"id":16,"date":"2012-01-05T12:39:26","date_gmt":"2012-01-05T11:39:26","guid":{"rendered":"http:\/\/zds.sk\/?page_id=16"},"modified":"2026-03-20T20:50:47","modified_gmt":"2026-03-20T19:50:47","slug":"ukk","status":"publish","type":"page","link":"https:\/\/www.zds.sk\/?page_id=16","title":{"rendered":"\u00dastredn\u00e1 kontrioln\u00e1 komisia"},"content":{"rendered":"\n<div class=\"wp-block-columns is-layout-flex wp-container-core-columns-is-layout-9d6595d7 wp-block-columns-is-layout-flex\">\n<div class=\"wp-block-column is-layout-flow wp-block-column-is-layout-flow\">\n<div class=\"wp-block-columns is-layout-flex wp-container-core-columns-is-layout-9d6595d7 wp-block-columns-is-layout-flex\">\n<div class=\"wp-block-column is-layout-flow wp-block-column-is-layout-flow\">\n<p><strong>Ing. Gabriela Frankov\u00e1<\/strong><br>predseda \u00daKK ZDS<br>\u017diarska 604, 031 04 Liptovsk\u00fd Mikul\u00e1\u0161<br>tel.: +421 9048 640 411<br>e-mail: <a href=\"mailto:gabika.frankova@gmail.com\">gabika.frankova@gmail.com<\/a><\/p>\n<\/div>\n\n\n\n<div class=\"wp-block-column is-layout-flow wp-block-column-is-layout-flow\">\n<p><strong>Mgr. Daniela Ko\u0161\u00edkov\u00e1 <\/strong><br>\u010dlen \u00daKK ZDS<br>SNP 500\/32, 914 01 Tren\u010dianska Tepl\u00e1<br>tel.: 0905 287 576<br>e-mail: <a href=\"mailto:bodkaster@gmail.com\">bodkaster@gmail.com<\/a><\/p>\n<\/div>\n\n\n\n<div class=\"wp-block-column is-layout-flow wp-block-column-is-layout-flow\">\n<p><strong>\u013dudmila Lal\u00edkov\u00e1<\/strong><br>\u010dlen \u00daKK ZDS<br>Istebn\u00e9 111, 02 753 Istebn\u00e9<br>tel.: +421 944 270 553<br>e-mail: <a href=\"mailto:lula.lalikova@centrum.sk\">lula.lalikova@centrum.sk<\/a><\/p>\n<\/div>\n<\/div>\n<\/div>\n<\/div>\n\n\n\n<p>&nbsp;<\/p>\n","protected":false},"excerpt":{"rendered":"<p>Ing. Gabriela Frankov\u00e1predseda \u00daKK ZDS\u017diarska 604, 031 04 Liptovsk\u00fd Mikul\u00e1\u0161tel.: +421 9048 640 411e-mail: gabika.frankova@gmail.com Mgr. Daniela Ko\u0161\u00edkov\u00e1 \u010dlen \u00daKK ZDSSNP 500\/32, 914 01 Tren\u010dianska Tepl\u00e1tel.: 0905 287 576e-mail: bodkaster@gmail.com \u013dudmila Lal\u00edkov\u00e1\u010dlen \u00daKK ZDSIstebn\u00e9 111, 02 753 Istebn\u00e9tel.: +421 944 270 553e-mail: lula.lalikova@centrum.sk &nbsp;<\/p>\n","protected":false},"author":1,"featured_media":0,"parent":0,"menu_order":0,"comment_status":"closed","ping_status":"closed","template":"","meta":{"ngg_post_thumbnail":0,"_kadence_starter_templates_imported_post":false,"_kad_post_transparent":"","_kad_post_title":"","_kad_post_layout":"","_kad_post_sidebar_id":"","_kad_post_content_style":"","_kad_post_vertical_padding":"","_kad_post_feature":"","_kad_post_feature_position":"","_kad_post_header":false,"_kad_post_footer":false,"_kad_post_classname":"","footnotes":""},"class_list":["post-16","page","type-page","status-publish","hentry"],"_links":{"self":[{"href":"https:\/\/www.zds.sk\/index.php?rest_route=\/wp\/v2\/pages\/16","targetHints":{"allow":["GET"]}}],"collection":[{"href":"https:\/\/www.zds.sk\/index.php?rest_route=\/wp\/v2\/pages"}],"about":[{"href":"https:\/\/www.zds.sk\/index.php?rest_route=\/wp\/v2\/types\/page"}],"author":[{"embeddable":true,"href":"https:\/\/www.zds.sk\/index.php?rest_route=\/wp\/v2\/users\/1"}],"replies":[{"embeddable":true,"href":"https:\/\/www.zds.sk\/index.php?rest_route=%2Fwp%2Fv2%2Fcomments&post=16"}],"version-history":[{"count":19,"href":"https:\/\/www.zds.sk\/index.php?rest_route=\/wp\/v2\/pages\/16\/revisions"}],"predecessor-version":[{"id":1356,"href":"https:\/\/www.zds.sk\/index.php?rest_route=\/wp\/v2\/pages\/16\/revisions\/1356"}],"wp:attachment":[{"href":"https:\/\/www.zds.sk\/index.php?rest_route=%2Fwp%2Fv2%2Fmedia&parent=16"}],"curies":[{"name":"wp","href":"https:\/\/api.w.org\/{rel}","templated":true}]}}