{"id":18,"date":"2012-01-05T12:39:49","date_gmt":"2012-01-05T11:39:49","guid":{"rendered":"http:\/\/zds.sk\/?page_id=18"},"modified":"2026-03-17T23:19:51","modified_gmt":"2026-03-17T22:19:51","slug":"zakladne-organizacie","status":"publish","type":"page","link":"https:\/\/www.zds.sk\/?page_id=18","title":{"rendered":"Z\u00e1kladn\u00e9 organiz\u00e1cie ZDS"},"content":{"rendered":"\n<figure class=\"wp-block-table is-style-stripes\"><table><thead><tr><th>Organiz\u00e1cia\u00a0<\/th><th>Predseda \/ kontakt\u00a0<\/th><th>S\u00eddlo\u00a0<\/th><th>E\u2011mail\u00a0\/ Web<\/th><th>Telef\u00f3n<\/th><\/tr><\/thead><tbody><tr><td>ZDS ZO DIABANBY Bansk\u00e1 Bystrica\u00a0<\/td><td>Ing. Mari\u00e1n Murga\u0161&nbsp;<\/td><td>Nem\u010dianska cesta 180\/21, 974 01 Nemce&nbsp;<\/td><td>diabanby@gmail.com&nbsp;<\/td><td>0903180140<\/td><\/tr><tr><td>ZDS ZO DIABAN B\u00e1novce n\/Bebravou&nbsp;<\/td><td>Anna P\u00e1len\u00edkov\u00e1&nbsp;<\/td><td>K Zornici 106\/8, 957 01 B\u00e1novce n\/Bebravou&nbsp;<\/td><td>a.palenikova@gmail.com&nbsp;<\/td><td>0915776500<\/td><\/tr><tr><td>ZDS ZO DIAORAVA Doln\u00fd Kub\u00edn&nbsp;<\/td><td>Miroslav Hvizd\u00e1k&nbsp;<\/td><td>Oravsk\u00e1 Poruba 149, 027 54 Veli\u010dn\u00e1&nbsp;<\/td><td>hvizdak.m@gmail.com\u00a0<br>www.diaorava.jex.cz\u00a0<\/td><td>0905594807<\/td><\/tr><tr><td>ZDS ZO DIADUB Dubnica n\/V\u00e1hom&nbsp;<\/td><td>Dana \u017dia\u010dkov\u00e1&nbsp;<\/td><td>Moyzesova 396\/19, 018 41 Dubnica n\/V.&nbsp;<\/td><td>dankaziackova@gmail.com<br>www.dubnica.sk\u00a0<\/td><td>0904587787<\/td><\/tr><tr><td>ZDS ZO DIAHENN Humenn\u00e9&nbsp;<\/td><td>\u0160tefan Dlu\u017eanin&nbsp;<\/td><td>Budovate\u013esk\u00e1 18, 066 01 Humenn\u00e9&nbsp;<\/td><td>diahenn.he@gmail.com&nbsp;<\/td><td>0905626817<\/td><\/tr><tr><td>ZDS ZO Ko\u0161ice&nbsp;<\/td><td>Ing. Darina Ru\u0161\u010dinov\u00e1&nbsp;<\/td><td>Kursk\u00e1 14, 040 22 Ko\u0161ice&nbsp;<\/td><td>darina.ruscinova@gmail.com&nbsp;<\/td><td>0907624150<\/td><\/tr><tr><td>ZDS ZO Ko\u0161ice \u2013 deti&nbsp;<\/td><td>Peter Hus\u0165ak&nbsp;<\/td><td>Komensk\u00e9ho 1117\/22, 040 01 Ko\u0161ice&nbsp;<\/td><td>diadetikosice@gmail.com<br>www.deti-diakosice.sk\u00a0\u00a0<\/td><td>0903903837<\/td><\/tr><tr><td>ZDS ZO DIAKREM Kremnica&nbsp;<\/td><td>Peter Luka\u010dko<br>Anna Alleramov\u00e1\u00a0\u00a0<\/td><td>Zechenterova 359, 967 01 Kremnica&nbsp;<\/td><td>peterlukacko@azet.sk\u00a0<br>aalleramova@gmail.com\u00a0<\/td><td>0903060022<br>0911490159<\/td><\/tr><tr><td>ZDS ZO DIALIPTOV Liptovsk\u00fd Mikul\u00e1\u0161&nbsp;<\/td><td>Zuzana \u0160tricov\u00e1&nbsp;<\/td><td>Vrbick\u00e1 1944\/7, 031 01 Liptovsk\u00fd Mikul\u00e1\u0161&nbsp;<\/td><td>zozdsdialiptov@gmail.com&nbsp;<\/td><td>0918719586<\/td><\/tr><tr><td>ZDS ZO DIAMART Martin&nbsp;<\/td><td>PhDr. Andrea Bukovsk\u00e1&nbsp;<\/td><td>Gork\u00e9ho 29\/16, 036 01 Martin&nbsp;<\/td><td>andrea.bukovska@unm.sk<br>www.diamart.sk\u00a0\u00a0<\/td><td>0904836695<\/td><\/tr><tr><td>ZDS ZO DIAMI Michalovce&nbsp;<\/td><td>Mgr. Ing. Jozef Borovka&nbsp;<\/td><td>Mo\u010darianska 70, 071 01 Michalovce&nbsp;<\/td><td>ecmichalovce@gmail.com&nbsp;<\/td><td>0908293043<br>0905253952<\/td><\/tr><tr><td>ZDS ZO Pie\u0161\u0165any&nbsp;<\/td><td>Ing. Mari\u00e1n Ru\u010dkay&nbsp;<\/td><td>Ga\u0161tanov\u00e1 2916\/15, 921 01 Pie\u0161\u0165any&nbsp;<\/td><td>marian.ruckay@gmail.com&nbsp;<\/td><td>0905718551<\/td><\/tr><tr><td>ZDS ZO Pre\u0161ov&nbsp;<\/td><td>Ing. Mariana Hurn\u00e1&nbsp;<\/td><td>Okt\u00f3brov\u00e1 69, 080 01 Pre\u0161ov&nbsp;<\/td><td>diapresov2025@gmail.com&nbsp;<\/td><td>0911711808<\/td><\/tr><tr><td>ZDS ZO DIAPREUGE Prievidza&nbsp;<\/td><td>Helena Minichov\u00e1&nbsp;<\/td><td>Holl\u00e9ho 2, 971 01 Prievidza&nbsp;<\/td><td>deziree7@azet.sk&nbsp;<\/td><td>908805751<\/td><\/tr><tr><td>ZDS ZO RU\u017dA Ru\u017eomberok&nbsp;<\/td><td>PhDr. Iveta Dovecov\u00e1&nbsp;<\/td><td>Nov\u00e1 \u010cernov\u00e1 8214\/42, 034 06 Ru\u017eomberok&nbsp;<\/td><td>dovecova@gmail.com&nbsp;<\/td><td>0918723057<\/td><\/tr><tr><td>ZDS ZO DIASABI Sabinov&nbsp;<\/td><td>Mgr. Marko Urdz\u00edk&nbsp;<\/td><td>Odboj\u00e1rska 49, 082 71 Lipany&nbsp;<\/td><td>diasabi@centrum.sk\u00a0<br>www.diasabi-sk.webnode.sk\u00a0<\/td><td>0907534441<\/td><\/tr><tr><td>ZDS ZO DIASPI\u0160 Spi\u0161sk\u00e1 Nov\u00e1 Ves&nbsp;<\/td><td>Monika Havrillov\u00e1&nbsp;<\/td><td>Kamen\u00e1rska 2694\/1, 052 01 SNV&nbsp;<\/td><td>monika.havrillova@gmail.com&nbsp;<\/td><td>0904380258<br>0905253952<\/td><\/tr><tr><td>ZDS ZO DIAVIA Tren\u010d\u00edn&nbsp;<\/td><td>Mgr. Viera \u017dilkov\u00e1&nbsp;<\/td><td>P. Bezru\u010da 1012, 911 01 Tren\u010d\u00edn&nbsp;<\/td><td>zds.diavia.trencin@gmail.com&nbsp;<\/td><td>0911209109<\/td><\/tr><tr><td>ZDS ZO DIATYRNAVIA Trnava&nbsp;<\/td><td>\u013dubica Lu\u017e\u00e1kov\u00e1&nbsp;<\/td><td>Tulip\u00e1nov\u00e1 445\/26, 919 28 Bu\u010dany&nbsp;<\/td><td>lubica.luzakova@gmail.com&nbsp;<\/td><td>0917169442<br>0337435617<\/td><\/tr><tr><td>ZDS ZO Zlat\u00e9 Moravce&nbsp;<\/td><td>Anna Gubov\u00e1<br>Eva Pacalajov\u00e1\u00a0\u00a0<\/td><td>Rov\u0148anova 1, 953 01 Zlat\u00e9 Moravce&nbsp;<\/td><td>pacalajovae@gmail.com&nbsp;<\/td><td>0905821999<br>0907781943<\/td><\/tr><tr><td>ZDS ZO DIA\u017dACA \u017darnovica&nbsp;<\/td><td>Jozef Zimmermann&nbsp;<\/td><td>Fra\u0148a Kr\u00e1\u013ea 890\/7, 966 01 \u017darnovica&nbsp;<\/td><td>jozef.zimmermann58@gmail.com&nbsp;<\/td><td>0910488585<\/td><\/tr><tr><td>ZDS ZO DIA\u017dIARA \u017diar n\/Hronom&nbsp;<\/td><td>Jarmila Valov\u00e1&nbsp;<\/td><td>Hviezdoslavova 275\/29, 965 01 \u017diar n\/Hronom&nbsp;<\/td><td>diaziara021@gmail.com&nbsp;<\/td><td>0908548677<\/td><\/tr><tr><td>ZDS ZO DIAZIL \u017dilina&nbsp;<\/td><td>Ivan \u010euri\u0161&nbsp;<\/td><td>Bajzova 22, 010 00 \u017dilina&nbsp;<\/td><td>diaklubzilina@gmail.com&nbsp;<\/td><td>915258848<\/td><\/tr><\/tbody><\/table><\/figure>\n","protected":false},"excerpt":{"rendered":"<p>Organiz\u00e1cia\u00a0 Predseda \/ kontakt\u00a0 S\u00eddlo\u00a0 E\u2011mail\u00a0\/ Web Telef\u00f3n ZDS ZO DIABANBY Bansk\u00e1 Bystrica\u00a0 Ing. Mari\u00e1n Murga\u0161&nbsp; Nem\u010dianska cesta 180\/21, 974 01 Nemce&nbsp; diabanby@gmail.com&nbsp; 0903180140 ZDS ZO DIABAN B\u00e1novce n\/Bebravou&nbsp; Anna P\u00e1len\u00edkov\u00e1&nbsp; K Zornici 106\/8, 957 01 B\u00e1novce n\/Bebravou&nbsp; a.palenikova@gmail.com&nbsp; 0915776500 ZDS ZO DIAORAVA Doln\u00fd Kub\u00edn&nbsp; Miroslav Hvizd\u00e1k&nbsp; Oravsk\u00e1 Poruba 149, 027 54 Veli\u010dn\u00e1&nbsp; hvizdak.m@gmail.com\u00a0www.diaorava.jex.cz\u00a0 0905594807&#8230;<\/p>\n","protected":false},"author":1,"featured_media":0,"parent":0,"menu_order":0,"comment_status":"closed","ping_status":"closed","template":"","meta":{"ngg_post_thumbnail":0,"_kadence_starter_templates_imported_post":false,"_kad_post_transparent":"","_kad_post_title":"","_kad_post_layout":"","_kad_post_sidebar_id":"","_kad_post_content_style":"","_kad_post_vertical_padding":"","_kad_post_feature":"","_kad_post_feature_position":"","_kad_post_header":false,"_kad_post_footer":false,"_kad_post_classname":"","footnotes":""},"class_list":["post-18","page","type-page","status-publish","hentry"],"_links":{"self":[{"href":"https:\/\/www.zds.sk\/index.php?rest_route=\/wp\/v2\/pages\/18","targetHints":{"allow":["GET"]}}],"collection":[{"href":"https:\/\/www.zds.sk\/index.php?rest_route=\/wp\/v2\/pages"}],"about":[{"href":"https:\/\/www.zds.sk\/index.php?rest_route=\/wp\/v2\/types\/page"}],"author":[{"embeddable":true,"href":"https:\/\/www.zds.sk\/index.php?rest_route=\/wp\/v2\/users\/1"}],"replies":[{"embeddable":true,"href":"https:\/\/www.zds.sk\/index.php?rest_route=%2Fwp%2Fv2%2Fcomments&post=18"}],"version-history":[{"count":102,"href":"https:\/\/www.zds.sk\/index.php?rest_route=\/wp\/v2\/pages\/18\/revisions"}],"predecessor-version":[{"id":1343,"href":"https:\/\/www.zds.sk\/index.php?rest_route=\/wp\/v2\/pages\/18\/revisions\/1343"}],"wp:attachment":[{"href":"https:\/\/www.zds.sk\/index.php?rest_route=%2Fwp%2Fv2%2Fmedia&parent=18"}],"curies":[{"name":"wp","href":"https:\/\/api.w.org\/{rel}","templated":true}]}}