{"id":24,"date":"2012-01-05T12:49:56","date_gmt":"2012-01-05T11:49:56","guid":{"rendered":"http:\/\/zds.sk\/?page_id=24"},"modified":"2026-03-18T00:15:06","modified_gmt":"2026-03-17T23:15:06","slug":"pozvanky","status":"publish","type":"page","link":"https:\/\/www.zds.sk\/?page_id=24","title":{"rendered":"Pozv\u00e1nky"},"content":{"rendered":"\n<h3 class=\"wp-block-heading has-text-align-left\">2026<\/h3>\n\n\n\n<p><a href=\"https:\/\/www.zds.sk\/dokumenty\/DD-LM-sestry-2026.doc\">Prihl\u00e1\u0161ka na&nbsp;<strong>XXXV. Diabetologick\u00e9 dni<\/strong> v Liptovskom Mikul\u00e1\u0161i 2026 pre Sestry (.doc format)<\/a><br><a href=\"https:\/\/www.zds.sk\/dokumenty\/DD-LM-sestry-2026.pdf\" target=\"blank\">Prihl\u00e1\u0161ka na&nbsp;<strong>XXXV. Diabetologick\u00e9 dni<\/strong> v Liptovskom Mikul\u00e1\u0161i 2026 pre Sestry (.pdf format)<\/a><br><a href=\"https:\/\/www.zds.sk\/dokumenty\/DD-LM-firmy-2026.doc\">Prihl\u00e1\u0161ka na&nbsp;<strong>XXXV. Diabetologick\u00e9 dni<\/strong> v Liptovskom Mikul\u00e1\u0161i 2026 pre Firmy (.doc format)<\/a><br><a href=\"https:\/\/www.zds.sk\/dokumenty\/DD-LM-firmy-2026.pdf\" target=\"blank\">Prihl\u00e1\u0161ka na&nbsp;<strong>XXXV. Diabetologick\u00e9 dni<\/strong>&nbsp;v Liptovskom Mikul\u00e1\u0161i 2025 pre Firmy (.pdf format)<\/a><br><a href=\"https:\/\/www.zds.sk\/dokumenty\/DD-LM-ZO-2026.doc\">Prihl\u00e1\u0161ka na&nbsp;<strong>XXXV. Diabetologick\u00e9 dni<\/strong> v Liptovskom Mikul\u00e1\u0161i 2026 pre ZO (.doc format)<\/a><br><a href=\"https:\/\/www.zds.sk\/dokumenty\/DD-LM-ZO-2026.pdf\" target=\"blank\">Prihl\u00e1\u0161ka na&nbsp;<strong>XXXV. Diabetologick\u00e9 dni<\/strong> v Liptovskom Mikul\u00e1\u0161i 2026 pre ZO (.pdf format)<\/a><\/p>\n\n\n\n<hr class=\"wp-block-separator has-alpha-channel-opacity is-style-wide\"\/>\n\n\n\n<h3 class=\"wp-block-heading has-text-align-left\">2025<\/h3>\n\n\n\n<p><span style=\"color: #999999;\"> <a style=\"color: #999999;\" href=\"dokumenty\/20. Festiva diabetu - firmy.doc\">Prihl\u00e1\u0161ka na <strong>20. Festival diabetu<\/strong> v Banskej Bystrici 2025 pre Firmy (.doc format)<\/a><\/span><br><span style=\"color: #999999;\"> <a style=\"color: #999999;\" href=\"dokumenty\/20. Festiva diabetu - firmy.pdf\" target=\"blank\">Prihl\u00e1\u0161ka na <strong>20. Festival diabetu<\/strong> v Banskej Bystrici 2025 pre Firmy (.pdf format)<\/a><\/span><br><span style=\"color: #999999;\"> <a style=\"color: #999999;\" href=\"dokumenty\/20. Festival diabetu - ZO ZDS.doc\">Prihl\u00e1\u0161ka na <strong>20. Festival diabetu<\/strong> v Banskej Bystrici 2025 pre ZO (.doc format)<\/a><\/span><br><span style=\"color: #999999;\"> <a style=\"color: #999999;\" href=\"dokumenty\/20. Festival diabetu - ZO ZDS.pdf\" target=\"blank\">Prihl\u00e1\u0161ka na <strong>20. Festival diabetu<\/strong> v Banskej Bystrici 2025 pre ZO (.pdf format)<\/a><\/span><\/p>\n\n\n\n<p><span style=\"color: #999999;\"><a style=\"color: #999999;\" href=\"dokumenty\/20. FD -Info list pre firmy.doc\">List ku prihl\u00e1\u0161ke na&nbsp;<strong>20. Festival diabetu<\/strong>&nbsp;v Banskej Bystrici 2025 pre Firmy (.doc format)<\/a><\/span><br><span style=\"color: #999999;\"> <a style=\"color: #999999;\" href=\"dokumenty\/20. FD -Info list pre firmy.pdf\" target=\"blank\">List ku prihl\u00e1\u0161ke na&nbsp;<strong>20. Festival diabetu<\/strong>&nbsp;v Banskej Bystrici 2025 pre Firmy (.pdf format)<\/a><\/span><br><span style=\"color: #999999;\"> <a style=\"color: #999999;\" href=\"dokumenty\/20. FD -Info list pre ZO ZDS.doc\">List ku prihl\u00e1\u0161ke na&nbsp;<strong>20. Festival diabetu<\/strong>&nbsp;v Banskej Bystrici 2025 pre ZO (.doc format)<\/a><\/span><br><span style=\"color: #999999;\"> <a style=\"color: #999999;\" href=\"dokumenty\/20. FD -Info list pre ZO ZDS.pdf\" target=\"blank\">List ku prihl\u00e1\u0161ke na&nbsp;<strong>20. Festival diabetu<\/strong>&nbsp;v Banskej Bystrici 2025 pre ZO (.pdf format)<\/a><\/span><\/p>\n\n\n\n<p><span style=\"color: #999999;\"><a style=\"color: #999999;\" href=\"dokumenty\/Pozv\u00e1nka BB 2025.doc\">Pozv\u00e1nka na<strong> Odborn\u00fd semin\u00e1r na<\/strong>&nbsp;<strong>20 Festivale diabetu<\/strong>&nbsp;v Banskej Bystrici 2025&nbsp; (.doc format)<\/a><\/span><br><span style=\"color: #999999;\"><a style=\"color: #999999;\" href=\"dokumenty\/Pozv\u00e1nka BB 2025.pdf\" target=\"blank\">Pozv\u00e1nka na<strong> Odborn\u00fd semin\u00e1r na&nbsp;20 Festivale diabetu<\/strong>&nbsp;v Banskej Bystrici 2025&nbsp; (.pdf format)<\/a><\/span><\/p>\n\n\n\n<p><span style=\"color: #999999;\"><a style=\"color: #999999;\" href=\"dokumenty\/Ozn\u00e1menie o konan\u00ed ASV-BB 2025.doc\">Ozn\u00e1menie o konan\u00ed <strong>ASV na<\/strong>&nbsp;<strong>20 Festivale diabetu<\/strong>&nbsp;v Banskej Bystrici 2025 (.doc format)<\/a><\/span><br><span style=\"color: #999999;\"><a style=\"color: #999999;\" href=\"dokumenty\/Ozn\u00e1menie o konan\u00ed ASV-BB 2025.pdf\">Ozn\u00e1menie o konan\u00ed<strong> ASV na<\/strong>&nbsp;<strong>20 Festivale diabetu<\/strong>&nbsp;v Banskej Bystrici 2025 (.pdf format)<\/a><\/span><\/p>\n\n\n\n<p><span style=\"color: #c0c0c0;\"><a href=\"dokumenty\/DD_LM_sestry_2025.doc\"><span style=\"color: #c0c0c0;\">Prihl\u00e1\u0161ka na&nbsp;<strong>XXXV. Diabetologick\u00e9 dni<\/strong>&nbsp;v Liptovskom Mikul\u00e1\u0161i 2025 pre Sestry (.doc format)<\/span><\/a><\/span><br><span style=\"color: #c0c0c0;\"> <a href=\"dokumenty\/DD_LM_sestry_2025.pdf\" target=\"blank\"><span style=\"color: #c0c0c0;\">Prihl\u00e1\u0161ka na&nbsp;<strong>XXXV. Diabetologick\u00e9 dni<\/strong>&nbsp;v Liptovskom Mikul\u00e1\u0161i 2025 pre Sestry (.pdf format)<\/span><\/a><\/span><br><span style=\"color: #c0c0c0;\"> <a href=\"dokumenty\/DD_LM_firmy_2025.doc\"><span style=\"color: #c0c0c0;\">Prihl\u00e1\u0161ka na&nbsp;<strong>XXXV. Diabetologick\u00e9 dni<\/strong>&nbsp;v Liptovskom Mikul\u00e1\u0161i 2025 pre Firmy (.doc format)<\/span><\/a><\/span><br><span style=\"color: #c0c0c0;\"> <a href=\"dokumenty\/DD_LM_firmy_2025.pdf\" target=\"blank\"><span style=\"color: #c0c0c0;\">Prihl\u00e1\u0161ka na&nbsp;<strong>XXXV. Diabetologick\u00e9 dni<\/strong>&nbsp;v Liptovskom Mikul\u00e1\u0161i 2025 pre Firmy (.pdf format)<\/span><\/a><\/span><br><span style=\"color: #c0c0c0;\"> <a href=\"dokumenty\/DD_LM_ZO_2025.doc\"><span style=\"color: #c0c0c0;\">Prihl\u00e1\u0161ka na&nbsp;<strong>XXXV. Diabetologick\u00e9 dni<\/strong>&nbsp;v Liptovskom Mikul\u00e1\u0161i 2025 pre ZO (.doc format)<\/span><\/a><\/span><br><span style=\"color: #c0c0c0;\"> <a href=\"dokumenty\/DD_LM_ZO_2025.pdf\" target=\"blank\"><span style=\"color: #c0c0c0;\">Prihl\u00e1\u0161ka na&nbsp;<strong>XXXV. Diabetologick\u00e9 dni<\/strong>&nbsp;v Liptovskom Mikul\u00e1\u0161i 2025 pre ZO (.pdf format)<\/span><\/a><\/span><\/p>\n\n\n\n<hr class=\"wp-block-separator has-alpha-channel-opacity is-style-wide\"\/>\n\n\n\n<p><\/p>\n","protected":false},"excerpt":{"rendered":"<p>2026 Prihl\u00e1\u0161ka na&nbsp;XXXV. Diabetologick\u00e9 dni v Liptovskom Mikul\u00e1\u0161i 2026 pre Sestry (.doc format)Prihl\u00e1\u0161ka na&nbsp;XXXV. Diabetologick\u00e9 dni v Liptovskom Mikul\u00e1\u0161i 2026 pre Sestry (.pdf format)Prihl\u00e1\u0161ka na&nbsp;XXXV. Diabetologick\u00e9 dni v Liptovskom Mikul\u00e1\u0161i 2026 pre Firmy (.doc format)Prihl\u00e1\u0161ka na&nbsp;XXXV. Diabetologick\u00e9 dni&nbsp;v Liptovskom Mikul\u00e1\u0161i 2025 pre Firmy (.pdf format)Prihl\u00e1\u0161ka na&nbsp;XXXV. Diabetologick\u00e9 dni v Liptovskom Mikul\u00e1\u0161i 2026 pre ZO (.doc&#8230;<\/p>\n","protected":false},"author":1,"featured_media":0,"parent":0,"menu_order":0,"comment_status":"closed","ping_status":"closed","template":"","meta":{"ngg_post_thumbnail":0,"_kadence_starter_templates_imported_post":false,"_kad_post_transparent":"","_kad_post_title":"","_kad_post_layout":"","_kad_post_sidebar_id":"","_kad_post_content_style":"","_kad_post_vertical_padding":"","_kad_post_feature":"","_kad_post_feature_position":"","_kad_post_header":false,"_kad_post_footer":false,"_kad_post_classname":"","footnotes":""},"class_list":["post-24","page","type-page","status-publish","hentry"],"_links":{"self":[{"href":"https:\/\/www.zds.sk\/index.php?rest_route=\/wp\/v2\/pages\/24","targetHints":{"allow":["GET"]}}],"collection":[{"href":"https:\/\/www.zds.sk\/index.php?rest_route=\/wp\/v2\/pages"}],"about":[{"href":"https:\/\/www.zds.sk\/index.php?rest_route=\/wp\/v2\/types\/page"}],"author":[{"embeddable":true,"href":"https:\/\/www.zds.sk\/index.php?rest_route=\/wp\/v2\/users\/1"}],"replies":[{"embeddable":true,"href":"https:\/\/www.zds.sk\/index.php?rest_route=%2Fwp%2Fv2%2Fcomments&post=24"}],"version-history":[{"count":95,"href":"https:\/\/www.zds.sk\/index.php?rest_route=\/wp\/v2\/pages\/24\/revisions"}],"predecessor-version":[{"id":1345,"href":"https:\/\/www.zds.sk\/index.php?rest_route=\/wp\/v2\/pages\/24\/revisions\/1345"}],"wp:attachment":[{"href":"https:\/\/www.zds.sk\/index.php?rest_route=%2Fwp%2Fv2%2Fmedia&parent=24"}],"curies":[{"name":"wp","href":"https:\/\/api.w.org\/{rel}","templated":true}]}}