{"id":252,"date":"2013-08-03T20:13:40","date_gmt":"2013-08-03T18:13:40","guid":{"rendered":"http:\/\/zds.sk\/?page_id=252"},"modified":"2026-03-20T20:38:08","modified_gmt":"2026-03-20T19:38:08","slug":"zds-informacie","status":"publish","type":"page","link":"https:\/\/www.zds.sk\/?page_id=252","title":{"rendered":"ZDS Inform\u00e1cie"},"content":{"rendered":"\n<p>&nbsp;<\/p>\n\n\n\n<p>Zv\u00e4z diabetikov Slovenska je dobrovo\u013en\u00e9 ob\u010dianske zdru\u017eenie, zalo\u017een\u00e9 v s\u00falade so z\u00e1konom o zdru\u017eovan\u00ed ob\u010danov v roku 1990.<\/p>\n\n\n\n<p>V z\u00e1kladn\u00fdch organiz\u00e1ci\u00e1ch v jednotliv\u00fdch mest\u00e1ch Slovenska zdru\u017euje diabetikov v\u0161etk\u00fdch vekov\u00fdch skup\u00edn, rodinn\u00fdch pr\u00edslu\u0161n\u00edkov diabetikov, zdravotn\u00edkov, rizikov\u00e9 skupiny a sympatizantov diabetikov.<\/p>\n\n\n\n<p>Poslan\u00edm ZDS je chr\u00e1ni\u0165 pr\u00e1va diabetikov ako pacientov, spotrebite\u013eov, ob\u010danov, informova\u0165 o pr\u00e1vach a povinnostiach diabetikov, edukova\u0165 diabetikov, rodinn\u00fdch pr\u00edslu\u0161n\u00edkov diabetikov, ale aj rizikov\u00e9 skupiny.<\/p>\n\n\n\n<p>\u010clenstvo v ZDS m\u00f4\u017ee by\u0165 radov\u00e9, riadne, kore\u0161ponden\u010dn\u00e9 a \u010destn\u00e9.<\/p>\n\n\n\n<p>Registrovan\u00e9 logo:<\/p>\n\n\n\n<figure class=\"wp-block-image size-full is-resized\"><a href=\"https:\/\/www.zds.sk\/wp-content\/uploads\/2026\/03\/logotransparent.png\"><img loading=\"lazy\" decoding=\"async\" width=\"538\" height=\"600\" src=\"https:\/\/www.zds.sk\/wp-content\/uploads\/2026\/03\/logotransparent.png\" alt=\"ZDS logo\" class=\"wp-image-1320\" style=\"aspect-ratio:1;object-fit:cover;width:305px;height:auto\" srcset=\"https:\/\/www.zds.sk\/wp-content\/uploads\/2026\/03\/logotransparent.png 538w, https:\/\/www.zds.sk\/wp-content\/uploads\/2026\/03\/logotransparent-269x300.png 269w\" sizes=\"auto, (max-width: 538px) 100vw, 538px\" \/><\/a><\/figure>\n","protected":false},"excerpt":{"rendered":"<p>&nbsp; Zv\u00e4z diabetikov Slovenska je dobrovo\u013en\u00e9 ob\u010dianske zdru\u017eenie, zalo\u017een\u00e9 v s\u00falade so z\u00e1konom o zdru\u017eovan\u00ed ob\u010danov v roku 1990. V z\u00e1kladn\u00fdch organiz\u00e1ci\u00e1ch v jednotliv\u00fdch mest\u00e1ch Slovenska zdru\u017euje diabetikov v\u0161etk\u00fdch vekov\u00fdch skup\u00edn, rodinn\u00fdch pr\u00edslu\u0161n\u00edkov diabetikov, zdravotn\u00edkov, rizikov\u00e9 skupiny a sympatizantov diabetikov. Poslan\u00edm ZDS je chr\u00e1ni\u0165 pr\u00e1va diabetikov ako pacientov, spotrebite\u013eov, ob\u010danov, informova\u0165 o pr\u00e1vach a povinnostiach&#8230;<\/p>\n","protected":false},"author":1,"featured_media":0,"parent":0,"menu_order":0,"comment_status":"closed","ping_status":"closed","template":"","meta":{"ngg_post_thumbnail":0,"_kadence_starter_templates_imported_post":false,"_kad_post_transparent":"","_kad_post_title":"","_kad_post_layout":"","_kad_post_sidebar_id":"","_kad_post_content_style":"","_kad_post_vertical_padding":"","_kad_post_feature":"","_kad_post_feature_position":"","_kad_post_header":false,"_kad_post_footer":false,"_kad_post_classname":"","footnotes":""},"class_list":["post-252","page","type-page","status-publish","hentry"],"_links":{"self":[{"href":"https:\/\/www.zds.sk\/index.php?rest_route=\/wp\/v2\/pages\/252","targetHints":{"allow":["GET"]}}],"collection":[{"href":"https:\/\/www.zds.sk\/index.php?rest_route=\/wp\/v2\/pages"}],"about":[{"href":"https:\/\/www.zds.sk\/index.php?rest_route=\/wp\/v2\/types\/page"}],"author":[{"embeddable":true,"href":"https:\/\/www.zds.sk\/index.php?rest_route=\/wp\/v2\/users\/1"}],"replies":[{"embeddable":true,"href":"https:\/\/www.zds.sk\/index.php?rest_route=%2Fwp%2Fv2%2Fcomments&post=252"}],"version-history":[{"count":6,"href":"https:\/\/www.zds.sk\/index.php?rest_route=\/wp\/v2\/pages\/252\/revisions"}],"predecessor-version":[{"id":1354,"href":"https:\/\/www.zds.sk\/index.php?rest_route=\/wp\/v2\/pages\/252\/revisions\/1354"}],"wp:attachment":[{"href":"https:\/\/www.zds.sk\/index.php?rest_route=%2Fwp%2Fv2%2Fmedia&parent=252"}],"curies":[{"name":"wp","href":"https:\/\/api.w.org\/{rel}","templated":true}]}}