{"id":368,"date":"2013-09-13T02:16:52","date_gmt":"2013-09-13T00:16:52","guid":{"rendered":"http:\/\/zds.sk\/?page_id=368"},"modified":"2013-09-13T02:16:52","modified_gmt":"2013-09-13T00:16:52","slug":"galeria-diabetik-a-rodina-ziarska-dolina-hotel-spojar-2012","status":"publish","type":"page","link":"https:\/\/www.zds.sk\/?page_id=368","title":{"rendered":"Gal\u00e9ria: Diabetik a rodina &#8211; \u017diarska dolina &#8211; Hotel Spoj\u00e1r 2012"},"content":{"rendered":"<p><!-- default-view.php -->\n<div\n\tclass=\"ngg-galleryoverview default-view\n\t ngg-ajax-pagination-none\t\"\n\tid=\"ngg-gallery-a3b4aa4c5c5a9115a0995e0fcf27a984-1\"\n\tdata-gallery-id=\"5\">\n\n\t\t<!-- Thumbnails -->\n\t\t\t\t<div id=\"ngg-image-0\" class=\"ngg-gallery-thumbnail-box\n\t\t\t\t\t\t\t\t\t\t\t\"\n\t\t\t>\n\t\t\t\t\t\t<div class=\"ngg-gallery-thumbnail\">\n\t\t\t<a href=\"https:\/\/www.zds.sk\/wp-content\/gallery\/diabetik-a-rodina-ziarska-dolina-hotel-spojar-2012\/foto-2-200.jpg\"\n\t\t\t\ttitle=\" \"\n\t\t\t\tdata-src=\"https:\/\/www.zds.sk\/wp-content\/gallery\/diabetik-a-rodina-ziarska-dolina-hotel-spojar-2012\/foto-2-200.jpg\"\n\t\t\t\tdata-thumbnail=\"https:\/\/www.zds.sk\/wp-content\/gallery\/diabetik-a-rodina-ziarska-dolina-hotel-spojar-2012\/thumbs\/thumbs_foto-2-200.jpg\"\n\t\t\t\tdata-image-id=\"92\"\n\t\t\t\tdata-title=\"foto-2-200\"\n\t\t\t\tdata-description=\" \"\n\t\t\t\tdata-image-slug=\"foto-2-200\"\n\t\t\t\t\t\t\t\t\t\t\t\t\t\t\t\t\t\t\t\tclass=\"ngg-fancybox\" rel=\"a3b4aa4c5c5a9115a0995e0fcf27a984\">\n\t\t\t\t\t\t\t\t<img\n\t\t\t\t\ttitle=\"foto-2-200\"\n\t\t\t\t\talt=\"foto-2-200\"\n\t\t\t\t\tsrc=\"https:\/\/www.zds.sk\/wp-content\/gallery\/diabetik-a-rodina-ziarska-dolina-hotel-spojar-2012\/thumbs\/thumbs_foto-2-200.jpg\"\n\t\t\t\t\twidth=\"120\"\n\t\t\t\t\theight=\"90\"\n\t\t\t\t\tstyle=\"max-width:100%;\"\n\t\t\t\t\/>\n\t\t\t<\/a>\n\t\t<\/div>\n\t\t\t\t\t\t\t<\/div>\n\t\t\t\n\t\t\t\t<div id=\"ngg-image-1\" class=\"ngg-gallery-thumbnail-box\n\t\t\t\t\t\t\t\t\t\t\t\"\n\t\t\t>\n\t\t\t\t\t\t<div class=\"ngg-gallery-thumbnail\">\n\t\t\t<a href=\"https:\/\/www.zds.sk\/wp-content\/gallery\/diabetik-a-rodina-ziarska-dolina-hotel-spojar-2012\/foto-2-068.jpg\"\n\t\t\t\ttitle=\" \"\n\t\t\t\tdata-src=\"https:\/\/www.zds.sk\/wp-content\/gallery\/diabetik-a-rodina-ziarska-dolina-hotel-spojar-2012\/foto-2-068.jpg\"\n\t\t\t\tdata-thumbnail=\"https:\/\/www.zds.sk\/wp-content\/gallery\/diabetik-a-rodina-ziarska-dolina-hotel-spojar-2012\/thumbs\/thumbs_foto-2-068.jpg\"\n\t\t\t\tdata-image-id=\"93\"\n\t\t\t\tdata-title=\"foto-2-068\"\n\t\t\t\tdata-description=\" \"\n\t\t\t\tdata-image-slug=\"foto-2-068\"\n\t\t\t\t\t\t\t\t\t\t\t\t\t\t\t\t\t\t\t\tclass=\"ngg-fancybox\" rel=\"a3b4aa4c5c5a9115a0995e0fcf27a984\">\n\t\t\t\t\t\t\t\t<img\n\t\t\t\t\ttitle=\"foto-2-068\"\n\t\t\t\t\talt=\"foto-2-068\"\n\t\t\t\t\tsrc=\"https:\/\/www.zds.sk\/wp-content\/gallery\/diabetik-a-rodina-ziarska-dolina-hotel-spojar-2012\/thumbs\/thumbs_foto-2-068.jpg\"\n\t\t\t\t\twidth=\"120\"\n\t\t\t\t\theight=\"90\"\n\t\t\t\t\tstyle=\"max-width:100%;\"\n\t\t\t\t\/>\n\t\t\t<\/a>\n\t\t<\/div>\n\t\t\t\t\t\t\t<\/div>\n\t\t\t\n\t\t\t\t<div id=\"ngg-image-2\" class=\"ngg-gallery-thumbnail-box\n\t\t\t\t\t\t\t\t\t\t\t\"\n\t\t\t>\n\t\t\t\t\t\t<div class=\"ngg-gallery-thumbnail\">\n\t\t\t<a href=\"https:\/\/www.zds.sk\/wp-content\/gallery\/diabetik-a-rodina-ziarska-dolina-hotel-spojar-2012\/foto-2-135.jpg\"\n\t\t\t\ttitle=\" \"\n\t\t\t\tdata-src=\"https:\/\/www.zds.sk\/wp-content\/gallery\/diabetik-a-rodina-ziarska-dolina-hotel-spojar-2012\/foto-2-135.jpg\"\n\t\t\t\tdata-thumbnail=\"https:\/\/www.zds.sk\/wp-content\/gallery\/diabetik-a-rodina-ziarska-dolina-hotel-spojar-2012\/thumbs\/thumbs_foto-2-135.jpg\"\n\t\t\t\tdata-image-id=\"94\"\n\t\t\t\tdata-title=\"foto-2-135\"\n\t\t\t\tdata-description=\" \"\n\t\t\t\tdata-image-slug=\"foto-2-135\"\n\t\t\t\t\t\t\t\t\t\t\t\t\t\t\t\t\t\t\t\tclass=\"ngg-fancybox\" rel=\"a3b4aa4c5c5a9115a0995e0fcf27a984\">\n\t\t\t\t\t\t\t\t<img\n\t\t\t\t\ttitle=\"foto-2-135\"\n\t\t\t\t\talt=\"foto-2-135\"\n\t\t\t\t\tsrc=\"https:\/\/www.zds.sk\/wp-content\/gallery\/diabetik-a-rodina-ziarska-dolina-hotel-spojar-2012\/thumbs\/thumbs_foto-2-135.jpg\"\n\t\t\t\t\twidth=\"120\"\n\t\t\t\t\theight=\"90\"\n\t\t\t\t\tstyle=\"max-width:100%;\"\n\t\t\t\t\/>\n\t\t\t<\/a>\n\t\t<\/div>\n\t\t\t\t\t\t\t<\/div>\n\t\t\t\n\t\t\t\t<div id=\"ngg-image-3\" class=\"ngg-gallery-thumbnail-box\n\t\t\t\t\t\t\t\t\t\t\t\"\n\t\t\t>\n\t\t\t\t\t\t<div class=\"ngg-gallery-thumbnail\">\n\t\t\t<a href=\"https:\/\/www.zds.sk\/wp-content\/gallery\/diabetik-a-rodina-ziarska-dolina-hotel-spojar-2012\/foto-2-137.jpg\"\n\t\t\t\ttitle=\" \"\n\t\t\t\tdata-src=\"https:\/\/www.zds.sk\/wp-content\/gallery\/diabetik-a-rodina-ziarska-dolina-hotel-spojar-2012\/foto-2-137.jpg\"\n\t\t\t\tdata-thumbnail=\"https:\/\/www.zds.sk\/wp-content\/gallery\/diabetik-a-rodina-ziarska-dolina-hotel-spojar-2012\/thumbs\/thumbs_foto-2-137.jpg\"\n\t\t\t\tdata-image-id=\"95\"\n\t\t\t\tdata-title=\"foto-2-137\"\n\t\t\t\tdata-description=\" \"\n\t\t\t\tdata-image-slug=\"foto-2-137\"\n\t\t\t\t\t\t\t\t\t\t\t\t\t\t\t\t\t\t\t\tclass=\"ngg-fancybox\" rel=\"a3b4aa4c5c5a9115a0995e0fcf27a984\">\n\t\t\t\t\t\t\t\t<img\n\t\t\t\t\ttitle=\"foto-2-137\"\n\t\t\t\t\talt=\"foto-2-137\"\n\t\t\t\t\tsrc=\"https:\/\/www.zds.sk\/wp-content\/gallery\/diabetik-a-rodina-ziarska-dolina-hotel-spojar-2012\/thumbs\/thumbs_foto-2-137.jpg\"\n\t\t\t\t\twidth=\"120\"\n\t\t\t\t\theight=\"90\"\n\t\t\t\t\tstyle=\"max-width:100%;\"\n\t\t\t\t\/>\n\t\t\t<\/a>\n\t\t<\/div>\n\t\t\t\t\t\t\t<\/div>\n\t\t\t\n\t\t\t\t<div id=\"ngg-image-4\" class=\"ngg-gallery-thumbnail-box\n\t\t\t\t\t\t\t\t\t\t\t\"\n\t\t\t>\n\t\t\t\t\t\t<div class=\"ngg-gallery-thumbnail\">\n\t\t\t<a href=\"https:\/\/www.zds.sk\/wp-content\/gallery\/diabetik-a-rodina-ziarska-dolina-hotel-spojar-2012\/foto-2-140.jpg\"\n\t\t\t\ttitle=\" \"\n\t\t\t\tdata-src=\"https:\/\/www.zds.sk\/wp-content\/gallery\/diabetik-a-rodina-ziarska-dolina-hotel-spojar-2012\/foto-2-140.jpg\"\n\t\t\t\tdata-thumbnail=\"https:\/\/www.zds.sk\/wp-content\/gallery\/diabetik-a-rodina-ziarska-dolina-hotel-spojar-2012\/thumbs\/thumbs_foto-2-140.jpg\"\n\t\t\t\tdata-image-id=\"96\"\n\t\t\t\tdata-title=\"foto-2-140\"\n\t\t\t\tdata-description=\" \"\n\t\t\t\tdata-image-slug=\"foto-2-140\"\n\t\t\t\t\t\t\t\t\t\t\t\t\t\t\t\t\t\t\t\tclass=\"ngg-fancybox\" rel=\"a3b4aa4c5c5a9115a0995e0fcf27a984\">\n\t\t\t\t\t\t\t\t<img\n\t\t\t\t\ttitle=\"foto-2-140\"\n\t\t\t\t\talt=\"foto-2-140\"\n\t\t\t\t\tsrc=\"https:\/\/www.zds.sk\/wp-content\/gallery\/diabetik-a-rodina-ziarska-dolina-hotel-spojar-2012\/thumbs\/thumbs_foto-2-140.jpg\"\n\t\t\t\t\twidth=\"120\"\n\t\t\t\t\theight=\"90\"\n\t\t\t\t\tstyle=\"max-width:100%;\"\n\t\t\t\t\/>\n\t\t\t<\/a>\n\t\t<\/div>\n\t\t\t\t\t\t\t<\/div>\n\t\t\t\n\t\t\t\t<div id=\"ngg-image-5\" class=\"ngg-gallery-thumbnail-box\n\t\t\t\t\t\t\t\t\t\t\t\"\n\t\t\t>\n\t\t\t\t\t\t<div class=\"ngg-gallery-thumbnail\">\n\t\t\t<a href=\"https:\/\/www.zds.sk\/wp-content\/gallery\/diabetik-a-rodina-ziarska-dolina-hotel-spojar-2012\/foto-2-141.jpg\"\n\t\t\t\ttitle=\" \"\n\t\t\t\tdata-src=\"https:\/\/www.zds.sk\/wp-content\/gallery\/diabetik-a-rodina-ziarska-dolina-hotel-spojar-2012\/foto-2-141.jpg\"\n\t\t\t\tdata-thumbnail=\"https:\/\/www.zds.sk\/wp-content\/gallery\/diabetik-a-rodina-ziarska-dolina-hotel-spojar-2012\/thumbs\/thumbs_foto-2-141.jpg\"\n\t\t\t\tdata-image-id=\"97\"\n\t\t\t\tdata-title=\"foto-2-141\"\n\t\t\t\tdata-description=\" \"\n\t\t\t\tdata-image-slug=\"foto-2-141\"\n\t\t\t\t\t\t\t\t\t\t\t\t\t\t\t\t\t\t\t\tclass=\"ngg-fancybox\" rel=\"a3b4aa4c5c5a9115a0995e0fcf27a984\">\n\t\t\t\t\t\t\t\t<img\n\t\t\t\t\ttitle=\"foto-2-141\"\n\t\t\t\t\talt=\"foto-2-141\"\n\t\t\t\t\tsrc=\"https:\/\/www.zds.sk\/wp-content\/gallery\/diabetik-a-rodina-ziarska-dolina-hotel-spojar-2012\/thumbs\/thumbs_foto-2-141.jpg\"\n\t\t\t\t\twidth=\"120\"\n\t\t\t\t\theight=\"90\"\n\t\t\t\t\tstyle=\"max-width:100%;\"\n\t\t\t\t\/>\n\t\t\t<\/a>\n\t\t<\/div>\n\t\t\t\t\t\t\t<\/div>\n\t\t\t\n\t\t\t\t<div id=\"ngg-image-6\" class=\"ngg-gallery-thumbnail-box\n\t\t\t\t\t\t\t\t\t\t\t\"\n\t\t\t>\n\t\t\t\t\t\t<div class=\"ngg-gallery-thumbnail\">\n\t\t\t<a href=\"https:\/\/www.zds.sk\/wp-content\/gallery\/diabetik-a-rodina-ziarska-dolina-hotel-spojar-2012\/foto-2-198.jpg\"\n\t\t\t\ttitle=\" \"\n\t\t\t\tdata-src=\"https:\/\/www.zds.sk\/wp-content\/gallery\/diabetik-a-rodina-ziarska-dolina-hotel-spojar-2012\/foto-2-198.jpg\"\n\t\t\t\tdata-thumbnail=\"https:\/\/www.zds.sk\/wp-content\/gallery\/diabetik-a-rodina-ziarska-dolina-hotel-spojar-2012\/thumbs\/thumbs_foto-2-198.jpg\"\n\t\t\t\tdata-image-id=\"98\"\n\t\t\t\tdata-title=\"foto-2-198\"\n\t\t\t\tdata-description=\" \"\n\t\t\t\tdata-image-slug=\"foto-2-198\"\n\t\t\t\t\t\t\t\t\t\t\t\t\t\t\t\t\t\t\t\tclass=\"ngg-fancybox\" rel=\"a3b4aa4c5c5a9115a0995e0fcf27a984\">\n\t\t\t\t\t\t\t\t<img\n\t\t\t\t\ttitle=\"foto-2-198\"\n\t\t\t\t\talt=\"foto-2-198\"\n\t\t\t\t\tsrc=\"https:\/\/www.zds.sk\/wp-content\/gallery\/diabetik-a-rodina-ziarska-dolina-hotel-spojar-2012\/thumbs\/thumbs_foto-2-198.jpg\"\n\t\t\t\t\twidth=\"120\"\n\t\t\t\t\theight=\"90\"\n\t\t\t\t\tstyle=\"max-width:100%;\"\n\t\t\t\t\/>\n\t\t\t<\/a>\n\t\t<\/div>\n\t\t\t\t\t\t\t<\/div>\n\t\t\t\n\t\n\t<br style=\"clear: both\" \/>\n\n\t\t<div class=\"slideshowlink\">\n\t\t<a href='https:\/\/www.zds.sk\/index.php\/nggallery\/slideshow?page_id=368'>[Show as slideshow]<\/a>\n\n\t<\/div>\n\t\n\t\t<!-- Pagination -->\n\t\t<div class='ngg-clear'><\/div>\t<\/div>\n<\/p>\n","protected":false},"excerpt":{"rendered":"<p>[Show as slideshow]<\/p>\n","protected":false},"author":1,"featured_media":0,"parent":0,"menu_order":0,"comment_status":"closed","ping_status":"closed","template":"","meta":{"ngg_post_thumbnail":0,"_kadence_starter_templates_imported_post":false,"_kad_post_transparent":"","_kad_post_title":"","_kad_post_layout":"","_kad_post_sidebar_id":"","_kad_post_content_style":"","_kad_post_vertical_padding":"","_kad_post_feature":"","_kad_post_feature_position":"","_kad_post_header":false,"_kad_post_footer":false,"_kad_post_classname":"","footnotes":""},"class_list":["post-368","page","type-page","status-publish","hentry"],"_links":{"self":[{"href":"https:\/\/www.zds.sk\/index.php?rest_route=\/wp\/v2\/pages\/368","targetHints":{"allow":["GET"]}}],"collection":[{"href":"https:\/\/www.zds.sk\/index.php?rest_route=\/wp\/v2\/pages"}],"about":[{"href":"https:\/\/www.zds.sk\/index.php?rest_route=\/wp\/v2\/types\/page"}],"author":[{"embeddable":true,"href":"https:\/\/www.zds.sk\/index.php?rest_route=\/wp\/v2\/users\/1"}],"replies":[{"embeddable":true,"href":"https:\/\/www.zds.sk\/index.php?rest_route=%2Fwp%2Fv2%2Fcomments&post=368"}],"version-history":[{"count":1,"href":"https:\/\/www.zds.sk\/index.php?rest_route=\/wp\/v2\/pages\/368\/revisions"}],"predecessor-version":[{"id":370,"href":"https:\/\/www.zds.sk\/index.php?rest_route=\/wp\/v2\/pages\/368\/revisions\/370"}],"wp:attachment":[{"href":"https:\/\/www.zds.sk\/index.php?rest_route=%2Fwp%2Fv2%2Fmedia&parent=368"}],"curies":[{"name":"wp","href":"https:\/\/api.w.org\/{rel}","templated":true}]}}