{"id":37,"date":"2012-01-06T10:52:35","date_gmt":"2012-01-06T09:52:35","guid":{"rendered":"http:\/\/zds.sk\/?page_id=37"},"modified":"2014-08-13T00:19:30","modified_gmt":"2014-08-12T22:19:30","slug":"galeria-2","status":"publish","type":"page","link":"https:\/\/www.zds.sk\/?page_id=37","title":{"rendered":"Gal\u00e9ria"},"content":{"rendered":"<p><span style=\"color: #000000;\"><a class=\"edit\" style=\"color: #0074a2;\" title=\"Gal\u00e9ria: Beh proti cukrovke \u2013 \u0160trbsk\u00e9 pleso 2014\" href=\"http:\/\/zds.sk\/?p=694\"><span style=\"color: #000000;\">Gal\u00e9ria:\u00a0Beh proti cukrovke &#8211; \u0160trbsk\u00e9 pleso 2014<\/span><\/a><\/span><\/p>\n<p><span style=\"color: #000000;\"><a class=\"edit\" style=\"color: #0074a2;\" title=\"Kongres IDF v Melbourne 2013\" href=\"http:\/\/zds.sk\/?p=696\"><span style=\"color: #000000;\">Gal\u00e9ria:\u00a0Kongres IDF v Melbourne 2013<\/span><\/a><\/span><\/p>\n<p><span style=\"color: #000000;\"><a class=\"edit\" style=\"color: #0074a2;\" title=\"Diabetologick\u00e9 dni Liptovsk\u00fd Mikul\u00e1\u0161 2014\" href=\"http:\/\/zds.sk\/?p=698\"><span style=\"color: #000000;\">Gal\u00e9ria:\u00a0Diabetologick\u00e9 dni Liptovsk\u00fd Mikul\u00e1\u0161 2014<\/span><\/a><\/span><\/p>\n<p><span style=\"color: #000000;\"><a class=\"edit\" style=\"color: #0074a2;\" title=\"DIAT\u00c1BOR 2014\" href=\"http:\/\/zds.sk\/?p=700\"><span style=\"color: #000000;\">Gal\u00e9ria:\u00a0DIAT\u00c1BOR 2014<\/span><\/a><\/span><\/p>\n<p><span style=\"color: #000000;\"><a class=\"edit\" style=\"color: #0074a2;\" title=\"Michalovsk\u00fd DIADE\u0147 2014\" href=\"http:\/\/zds.sk\/?p=702\"><span style=\"color: #000000;\">Gal\u00e9ria:\u00a0Michalovsk\u00fd DIADE\u0147 2014<\/span><\/a><\/span><\/p>\n<p><span style=\"color: #000000;\"><a class=\"edit\" style=\"color: #0074a2;\" title=\"Gal\u00e9ria: Otvorenie eduka\u010dn\u00e9ho centra v Michalovciach 2013\" href=\"http:\/\/zds.sk\/?p=712\"><span style=\"color: #000000;\">Gal\u00e9ria:\u00a0Otvorenie eduka\u010dn\u00e9ho centra v Michalovciach 2013<\/span><\/a><\/span><\/p>\n<p><span style=\"color: #000000;\"><a class=\"edit\" style=\"color: #0074a2;\" title=\"Premenovanie N\u00e1mestia na Via Dia Liptovsk\u00fd Mikul\u00e1\u0161 2014\" href=\"http:\/\/zds.sk\/?p=704\"><span style=\"color: #000000;\">Gal\u00e9ria:\u00a0Premenovanie N\u00e1mestia na Via Dia Liptovsk\u00fd Mikul\u00e1\u0161 2014<\/span><\/a><\/span><\/p>\n<p><span style=\"color: #000000;\"><a class=\"edit\" style=\"color: #0074a2;\" title=\"Rekondi\u010dn\u00fd pobyt \u017diarska dolina 2014\" href=\"http:\/\/zds.sk\/?p=707\"><span style=\"color: #000000;\">Gal\u00e9ria:\u00a0Rekondi\u010dn\u00fd pobyt \u017diarska dolina 2014<\/span><\/a><\/span><\/p>\n<p><span style=\"color: #000000;\"><a class=\"edit\" style=\"color: #0074a2;\" title=\"Rekondi\u010dn\u00fd pobyt \u2013 verejn\u00e1 zbierka TESCO M\u00e1j 2014\" href=\"http:\/\/zds.sk\/?p=709\"><span style=\"color: #000000;\">Gal\u00e9ria:\u00a0Rekondi\u010dn\u00fd pobyt &#8211; verejn\u00e1 zbierka TESCO M\u00e1j 2014<\/span><\/a><\/span><\/p>\n<p><span style=\"color: #000000;\"><a title=\"Gal\u00e9ria \u2013 Festival Diabetu 2012\" href=\"http:\/\/zds.sk\/?page_id=354\"><span style=\"color: #000000;\">Gal\u00e9ria: 7. Festival Diabetu 2012<\/span><\/a><\/span><\/p>\n<p><span style=\"color: #000000;\"><a title=\"Gal\u00e9ria: Agrokomplex 2013\" href=\"http:\/\/zds.sk\/?page_id=362\"><span style=\"color: #000000;\">Gal\u00e9ria: Agrokomplex 2013<\/span><\/a><\/span><\/p>\n<p><span style=\"color: #000000;\"><a title=\"Gal\u00e9ria: Detsk\u00fd rekondi\u010dno \u2013 integra\u010dn\u00fd pobyt 2013\" href=\"http:\/\/zds.sk\/?page_id=365\"><span style=\"color: #000000;\">Gal\u00e9ria: Detsk\u00fd rekondi\u010dno \u2013 integra\u010dn\u00fd pobyt 2013<\/span><\/a><\/span><\/p>\n<p><span style=\"color: #000000;\"><a title=\"Gal\u00e9ria: Diabetik a rodina \u2013 \u017diarska dolina \u2013 Hotel Spoj\u00e1r 2012\" href=\"http:\/\/zds.sk\/?page_id=368\"><span style=\"color: #000000;\">Gal\u00e9ria: Diabetik a rodina \u2013 \u017diarska dolina \u2013 Hotel Spoj\u00e1r 2012<\/span><\/a><\/span><\/p>\n<p><span style=\"color: #000000;\"><a title=\"Gal\u00e9ria: Diabetik a rodina \u2013 \u017diarska dolina \u2013 Hotel Spoj\u00e1r 2013\" href=\"http:\/\/zds.sk\/?page_id=371\"><span style=\"color: #000000;\">Gal\u00e9ria: Diabetik a rodina \u2013 \u017diarska dolina \u2013 Hotel Spoj\u00e1r 2013<\/span><\/a><\/span><\/p>\n<p><span style=\"color: #000000;\"><a title=\"Gal\u00e9ria: DIADNI Ko\u0161ice 2012\" href=\"http:\/\/zds.sk\/?page_id=374\"><span style=\"color: #000000;\">Gal\u00e9ria: DIADNI Ko\u0161ice 2012<\/span><\/a><\/span><\/p>\n<p><span style=\"color: #000000;\"><a title=\"Gal\u00e9ria: EASD Berlin 2012\" href=\"http:\/\/zds.sk\/?page_id=377\"><span style=\"color: #000000;\">Gal\u00e9ria: EASD Berlin 2012<\/span><\/a><\/span><\/p>\n<p><span style=\"color: #000000;\"><a title=\"Gal\u00e9ria: IDF Dubai 2011\" href=\"http:\/\/zds.sk\/?page_id=380\"><span style=\"color: #000000;\">Gal\u00e9ria: IDF Dubai 2011<\/span><\/a><\/span><\/p>\n<p><span style=\"color: #000000;\"><a title=\"Gal\u00e9ria: IDF Lisabon 2012\" href=\"http:\/\/zds.sk\/?page_id=383\"><span style=\"color: #000000;\">Gal\u00e9ria: IDF Lisabon 2012<\/span><\/a><\/span><\/p>\n<p><span style=\"color: #000000;\"><a title=\"Gal\u00e9ria: Medzin\u00e1rodn\u00e9 majstrovstv\u00e1 vo varen\u00ed gul\u00e1\u0161u \u2013 Liptovsk\u00e1 Tepl\u00e1 2012\" href=\"http:\/\/zds.sk\/?page_id=386\"><span style=\"color: #000000;\">Gal\u00e9ria: Medzin\u00e1rodn\u00e9 majstrovstv\u00e1 vo varen\u00ed gul\u00e1\u0161u \u2013 Liptovsk\u00e1 Tepl\u00e1 2012<\/span><\/a><\/span><\/p>\n<p><span style=\"color: #000000;\"><a title=\"Gal\u00e9ria: RP Liptovsk\u00fd J\u00e1n 2012 TESCO ZBIERKA\" href=\"http:\/\/zds.sk\/?page_id=389\"><span style=\"color: #000000;\">Gal\u00e9ria: RP Liptovsk\u00fd J\u00e1n 2012 TESCO ZBIERKA<\/span><\/a><\/span><\/p>\n<p><span style=\"color: #000000;\"><a title=\"Gal\u00e9ria: RP Liptovsk\u00fd J\u00e1n 2013 TESCO ZBIERKA\" href=\"http:\/\/zds.sk\/?page_id=392\"><span style=\"color: #000000;\">Gal\u00e9ria: RP Liptovsk\u00fd J\u00e1n 2013 TESCO ZBIERKA<\/span><\/a><\/span><\/p>\n<p><span style=\"color: #000000;\"><a title=\"Gal\u00e9ria: VSE City Run pobyt 2013\" href=\"http:\/\/zds.sk\/?page_id=395\"><span style=\"color: #000000;\">Gal\u00e9ria: VSE City Run pobyt 2013<\/span><\/a><\/span><\/p>\n","protected":false},"excerpt":{"rendered":"<p>Gal\u00e9ria:\u00a0Beh proti cukrovke &#8211; \u0160trbsk\u00e9 pleso 2014 Gal\u00e9ria:\u00a0Kongres IDF v Melbourne 2013 Gal\u00e9ria:\u00a0Diabetologick\u00e9 dni Liptovsk\u00fd Mikul\u00e1\u0161 2014 Gal\u00e9ria:\u00a0DIAT\u00c1BOR 2014 Gal\u00e9ria:\u00a0Michalovsk\u00fd DIADE\u0147 2014 Gal\u00e9ria:\u00a0Otvorenie eduka\u010dn\u00e9ho centra v Michalovciach 2013 Gal\u00e9ria:\u00a0Premenovanie N\u00e1mestia na Via Dia Liptovsk\u00fd Mikul\u00e1\u0161 2014 Gal\u00e9ria:\u00a0Rekondi\u010dn\u00fd pobyt \u017diarska dolina 2014 Gal\u00e9ria:\u00a0Rekondi\u010dn\u00fd pobyt &#8211; verejn\u00e1 zbierka TESCO M\u00e1j 2014 Gal\u00e9ria: 7. Festival Diabetu 2012 Gal\u00e9ria:&#8230;<\/p>\n","protected":false},"author":1,"featured_media":0,"parent":0,"menu_order":0,"comment_status":"closed","ping_status":"closed","template":"","meta":{"ngg_post_thumbnail":0,"_kadence_starter_templates_imported_post":false,"_kad_post_transparent":"","_kad_post_title":"","_kad_post_layout":"","_kad_post_sidebar_id":"","_kad_post_content_style":"","_kad_post_vertical_padding":"","_kad_post_feature":"","_kad_post_feature_position":"","_kad_post_header":false,"_kad_post_footer":false,"_kad_post_classname":"","footnotes":""},"class_list":["post-37","page","type-page","status-publish","hentry"],"_links":{"self":[{"href":"https:\/\/www.zds.sk\/index.php?rest_route=\/wp\/v2\/pages\/37","targetHints":{"allow":["GET"]}}],"collection":[{"href":"https:\/\/www.zds.sk\/index.php?rest_route=\/wp\/v2\/pages"}],"about":[{"href":"https:\/\/www.zds.sk\/index.php?rest_route=\/wp\/v2\/types\/page"}],"author":[{"embeddable":true,"href":"https:\/\/www.zds.sk\/index.php?rest_route=\/wp\/v2\/users\/1"}],"replies":[{"embeddable":true,"href":"https:\/\/www.zds.sk\/index.php?rest_route=%2Fwp%2Fv2%2Fcomments&post=37"}],"version-history":[{"count":18,"href":"https:\/\/www.zds.sk\/index.php?rest_route=\/wp\/v2\/pages\/37\/revisions"}],"predecessor-version":[{"id":736,"href":"https:\/\/www.zds.sk\/index.php?rest_route=\/wp\/v2\/pages\/37\/revisions\/736"}],"wp:attachment":[{"href":"https:\/\/www.zds.sk\/index.php?rest_route=%2Fwp%2Fv2%2Fmedia&parent=37"}],"curies":[{"name":"wp","href":"https:\/\/api.w.org\/{rel}","templated":true}]}}