{"id":371,"date":"2013-09-13T02:17:59","date_gmt":"2013-09-13T00:17:59","guid":{"rendered":"http:\/\/zds.sk\/?page_id=371"},"modified":"2013-09-13T02:17:59","modified_gmt":"2013-09-13T00:17:59","slug":"galeria-diabetik-a-rodina-ziarska-dolina-hotel-spojar-2013","status":"publish","type":"page","link":"https:\/\/www.zds.sk\/?page_id=371","title":{"rendered":"Gal\u00e9ria: Diabetik a rodina &#8211; \u017diarska dolina &#8211; Hotel Spoj\u00e1r 2013"},"content":{"rendered":"<p><!-- default-view.php -->\n<div\n\tclass=\"ngg-galleryoverview default-view\n\t ngg-ajax-pagination-none\t\"\n\tid=\"ngg-gallery-834c70b30dbbecd58a711501ae09dab1-1\"\n\tdata-gallery-id=\"6\">\n\n\t\t<!-- Thumbnails -->\n\t\t\t\t<div id=\"ngg-image-0\" class=\"ngg-gallery-thumbnail-box\n\t\t\t\t\t\t\t\t\t\t\t\"\n\t\t\t>\n\t\t\t\t\t\t<div class=\"ngg-gallery-thumbnail\">\n\t\t\t<a href=\"https:\/\/www.zds.sk\/wp-content\/gallery\/diabetik-a-rodina-ziarska-dolina-hotel-spojar-2013\/dscf0970.jpg\"\n\t\t\t\ttitle=\" \"\n\t\t\t\tdata-src=\"https:\/\/www.zds.sk\/wp-content\/gallery\/diabetik-a-rodina-ziarska-dolina-hotel-spojar-2013\/dscf0970.jpg\"\n\t\t\t\tdata-thumbnail=\"https:\/\/www.zds.sk\/wp-content\/gallery\/diabetik-a-rodina-ziarska-dolina-hotel-spojar-2013\/thumbs\/thumbs_dscf0970.jpg\"\n\t\t\t\tdata-image-id=\"99\"\n\t\t\t\tdata-title=\"dscf0970\"\n\t\t\t\tdata-description=\" \"\n\t\t\t\tdata-image-slug=\"dscf0970\"\n\t\t\t\t\t\t\t\t\t\t\t\t\t\t\t\t\t\t\t\tclass=\"ngg-fancybox\" rel=\"834c70b30dbbecd58a711501ae09dab1\">\n\t\t\t\t\t\t\t\t<img\n\t\t\t\t\ttitle=\"dscf0970\"\n\t\t\t\t\talt=\"dscf0970\"\n\t\t\t\t\tsrc=\"https:\/\/www.zds.sk\/wp-content\/gallery\/diabetik-a-rodina-ziarska-dolina-hotel-spojar-2013\/thumbs\/thumbs_dscf0970.jpg\"\n\t\t\t\t\twidth=\"120\"\n\t\t\t\t\theight=\"90\"\n\t\t\t\t\tstyle=\"max-width:100%;\"\n\t\t\t\t\/>\n\t\t\t<\/a>\n\t\t<\/div>\n\t\t\t\t\t\t\t<\/div>\n\t\t\t\n\t\t\t\t<div id=\"ngg-image-1\" class=\"ngg-gallery-thumbnail-box\n\t\t\t\t\t\t\t\t\t\t\t\"\n\t\t\t>\n\t\t\t\t\t\t<div class=\"ngg-gallery-thumbnail\">\n\t\t\t<a href=\"https:\/\/www.zds.sk\/wp-content\/gallery\/diabetik-a-rodina-ziarska-dolina-hotel-spojar-2013\/dscf0950.jpg\"\n\t\t\t\ttitle=\" \"\n\t\t\t\tdata-src=\"https:\/\/www.zds.sk\/wp-content\/gallery\/diabetik-a-rodina-ziarska-dolina-hotel-spojar-2013\/dscf0950.jpg\"\n\t\t\t\tdata-thumbnail=\"https:\/\/www.zds.sk\/wp-content\/gallery\/diabetik-a-rodina-ziarska-dolina-hotel-spojar-2013\/thumbs\/thumbs_dscf0950.jpg\"\n\t\t\t\tdata-image-id=\"100\"\n\t\t\t\tdata-title=\"dscf0950\"\n\t\t\t\tdata-description=\" \"\n\t\t\t\tdata-image-slug=\"dscf0950\"\n\t\t\t\t\t\t\t\t\t\t\t\t\t\t\t\t\t\t\t\tclass=\"ngg-fancybox\" rel=\"834c70b30dbbecd58a711501ae09dab1\">\n\t\t\t\t\t\t\t\t<img\n\t\t\t\t\ttitle=\"dscf0950\"\n\t\t\t\t\talt=\"dscf0950\"\n\t\t\t\t\tsrc=\"https:\/\/www.zds.sk\/wp-content\/gallery\/diabetik-a-rodina-ziarska-dolina-hotel-spojar-2013\/thumbs\/thumbs_dscf0950.jpg\"\n\t\t\t\t\twidth=\"120\"\n\t\t\t\t\theight=\"90\"\n\t\t\t\t\tstyle=\"max-width:100%;\"\n\t\t\t\t\/>\n\t\t\t<\/a>\n\t\t<\/div>\n\t\t\t\t\t\t\t<\/div>\n\t\t\t\n\t\t\t\t<div id=\"ngg-image-2\" class=\"ngg-gallery-thumbnail-box\n\t\t\t\t\t\t\t\t\t\t\t\"\n\t\t\t>\n\t\t\t\t\t\t<div class=\"ngg-gallery-thumbnail\">\n\t\t\t<a href=\"https:\/\/www.zds.sk\/wp-content\/gallery\/diabetik-a-rodina-ziarska-dolina-hotel-spojar-2013\/dscf0953.jpg\"\n\t\t\t\ttitle=\" \"\n\t\t\t\tdata-src=\"https:\/\/www.zds.sk\/wp-content\/gallery\/diabetik-a-rodina-ziarska-dolina-hotel-spojar-2013\/dscf0953.jpg\"\n\t\t\t\tdata-thumbnail=\"https:\/\/www.zds.sk\/wp-content\/gallery\/diabetik-a-rodina-ziarska-dolina-hotel-spojar-2013\/thumbs\/thumbs_dscf0953.jpg\"\n\t\t\t\tdata-image-id=\"101\"\n\t\t\t\tdata-title=\"dscf0953\"\n\t\t\t\tdata-description=\" \"\n\t\t\t\tdata-image-slug=\"dscf0953\"\n\t\t\t\t\t\t\t\t\t\t\t\t\t\t\t\t\t\t\t\tclass=\"ngg-fancybox\" rel=\"834c70b30dbbecd58a711501ae09dab1\">\n\t\t\t\t\t\t\t\t<img\n\t\t\t\t\ttitle=\"dscf0953\"\n\t\t\t\t\talt=\"dscf0953\"\n\t\t\t\t\tsrc=\"https:\/\/www.zds.sk\/wp-content\/gallery\/diabetik-a-rodina-ziarska-dolina-hotel-spojar-2013\/thumbs\/thumbs_dscf0953.jpg\"\n\t\t\t\t\twidth=\"120\"\n\t\t\t\t\theight=\"90\"\n\t\t\t\t\tstyle=\"max-width:100%;\"\n\t\t\t\t\/>\n\t\t\t<\/a>\n\t\t<\/div>\n\t\t\t\t\t\t\t<\/div>\n\t\t\t\n\t\t\t\t<div id=\"ngg-image-3\" class=\"ngg-gallery-thumbnail-box\n\t\t\t\t\t\t\t\t\t\t\t\"\n\t\t\t>\n\t\t\t\t\t\t<div class=\"ngg-gallery-thumbnail\">\n\t\t\t<a href=\"https:\/\/www.zds.sk\/wp-content\/gallery\/diabetik-a-rodina-ziarska-dolina-hotel-spojar-2013\/dscf0954.jpg\"\n\t\t\t\ttitle=\" \"\n\t\t\t\tdata-src=\"https:\/\/www.zds.sk\/wp-content\/gallery\/diabetik-a-rodina-ziarska-dolina-hotel-spojar-2013\/dscf0954.jpg\"\n\t\t\t\tdata-thumbnail=\"https:\/\/www.zds.sk\/wp-content\/gallery\/diabetik-a-rodina-ziarska-dolina-hotel-spojar-2013\/thumbs\/thumbs_dscf0954.jpg\"\n\t\t\t\tdata-image-id=\"102\"\n\t\t\t\tdata-title=\"dscf0954\"\n\t\t\t\tdata-description=\" \"\n\t\t\t\tdata-image-slug=\"dscf0954\"\n\t\t\t\t\t\t\t\t\t\t\t\t\t\t\t\t\t\t\t\tclass=\"ngg-fancybox\" rel=\"834c70b30dbbecd58a711501ae09dab1\">\n\t\t\t\t\t\t\t\t<img\n\t\t\t\t\ttitle=\"dscf0954\"\n\t\t\t\t\talt=\"dscf0954\"\n\t\t\t\t\tsrc=\"https:\/\/www.zds.sk\/wp-content\/gallery\/diabetik-a-rodina-ziarska-dolina-hotel-spojar-2013\/thumbs\/thumbs_dscf0954.jpg\"\n\t\t\t\t\twidth=\"120\"\n\t\t\t\t\theight=\"90\"\n\t\t\t\t\tstyle=\"max-width:100%;\"\n\t\t\t\t\/>\n\t\t\t<\/a>\n\t\t<\/div>\n\t\t\t\t\t\t\t<\/div>\n\t\t\t\n\t\t\t\t<div id=\"ngg-image-4\" class=\"ngg-gallery-thumbnail-box\n\t\t\t\t\t\t\t\t\t\t\t\"\n\t\t\t>\n\t\t\t\t\t\t<div class=\"ngg-gallery-thumbnail\">\n\t\t\t<a href=\"https:\/\/www.zds.sk\/wp-content\/gallery\/diabetik-a-rodina-ziarska-dolina-hotel-spojar-2013\/dscf0955.jpg\"\n\t\t\t\ttitle=\" \"\n\t\t\t\tdata-src=\"https:\/\/www.zds.sk\/wp-content\/gallery\/diabetik-a-rodina-ziarska-dolina-hotel-spojar-2013\/dscf0955.jpg\"\n\t\t\t\tdata-thumbnail=\"https:\/\/www.zds.sk\/wp-content\/gallery\/diabetik-a-rodina-ziarska-dolina-hotel-spojar-2013\/thumbs\/thumbs_dscf0955.jpg\"\n\t\t\t\tdata-image-id=\"103\"\n\t\t\t\tdata-title=\"dscf0955\"\n\t\t\t\tdata-description=\" \"\n\t\t\t\tdata-image-slug=\"dscf0955\"\n\t\t\t\t\t\t\t\t\t\t\t\t\t\t\t\t\t\t\t\tclass=\"ngg-fancybox\" rel=\"834c70b30dbbecd58a711501ae09dab1\">\n\t\t\t\t\t\t\t\t<img\n\t\t\t\t\ttitle=\"dscf0955\"\n\t\t\t\t\talt=\"dscf0955\"\n\t\t\t\t\tsrc=\"https:\/\/www.zds.sk\/wp-content\/gallery\/diabetik-a-rodina-ziarska-dolina-hotel-spojar-2013\/thumbs\/thumbs_dscf0955.jpg\"\n\t\t\t\t\twidth=\"120\"\n\t\t\t\t\theight=\"90\"\n\t\t\t\t\tstyle=\"max-width:100%;\"\n\t\t\t\t\/>\n\t\t\t<\/a>\n\t\t<\/div>\n\t\t\t\t\t\t\t<\/div>\n\t\t\t\n\t\t\t\t<div id=\"ngg-image-5\" class=\"ngg-gallery-thumbnail-box\n\t\t\t\t\t\t\t\t\t\t\t\"\n\t\t\t>\n\t\t\t\t\t\t<div class=\"ngg-gallery-thumbnail\">\n\t\t\t<a href=\"https:\/\/www.zds.sk\/wp-content\/gallery\/diabetik-a-rodina-ziarska-dolina-hotel-spojar-2013\/dscf0957.jpg\"\n\t\t\t\ttitle=\" \"\n\t\t\t\tdata-src=\"https:\/\/www.zds.sk\/wp-content\/gallery\/diabetik-a-rodina-ziarska-dolina-hotel-spojar-2013\/dscf0957.jpg\"\n\t\t\t\tdata-thumbnail=\"https:\/\/www.zds.sk\/wp-content\/gallery\/diabetik-a-rodina-ziarska-dolina-hotel-spojar-2013\/thumbs\/thumbs_dscf0957.jpg\"\n\t\t\t\tdata-image-id=\"104\"\n\t\t\t\tdata-title=\"dscf0957\"\n\t\t\t\tdata-description=\" \"\n\t\t\t\tdata-image-slug=\"dscf0957\"\n\t\t\t\t\t\t\t\t\t\t\t\t\t\t\t\t\t\t\t\tclass=\"ngg-fancybox\" rel=\"834c70b30dbbecd58a711501ae09dab1\">\n\t\t\t\t\t\t\t\t<img\n\t\t\t\t\ttitle=\"dscf0957\"\n\t\t\t\t\talt=\"dscf0957\"\n\t\t\t\t\tsrc=\"https:\/\/www.zds.sk\/wp-content\/gallery\/diabetik-a-rodina-ziarska-dolina-hotel-spojar-2013\/thumbs\/thumbs_dscf0957.jpg\"\n\t\t\t\t\twidth=\"120\"\n\t\t\t\t\theight=\"90\"\n\t\t\t\t\tstyle=\"max-width:100%;\"\n\t\t\t\t\/>\n\t\t\t<\/a>\n\t\t<\/div>\n\t\t\t\t\t\t\t<\/div>\n\t\t\t\n\t\t\t\t<div id=\"ngg-image-6\" class=\"ngg-gallery-thumbnail-box\n\t\t\t\t\t\t\t\t\t\t\t\"\n\t\t\t>\n\t\t\t\t\t\t<div class=\"ngg-gallery-thumbnail\">\n\t\t\t<a href=\"https:\/\/www.zds.sk\/wp-content\/gallery\/diabetik-a-rodina-ziarska-dolina-hotel-spojar-2013\/dscf0958.jpg\"\n\t\t\t\ttitle=\" \"\n\t\t\t\tdata-src=\"https:\/\/www.zds.sk\/wp-content\/gallery\/diabetik-a-rodina-ziarska-dolina-hotel-spojar-2013\/dscf0958.jpg\"\n\t\t\t\tdata-thumbnail=\"https:\/\/www.zds.sk\/wp-content\/gallery\/diabetik-a-rodina-ziarska-dolina-hotel-spojar-2013\/thumbs\/thumbs_dscf0958.jpg\"\n\t\t\t\tdata-image-id=\"105\"\n\t\t\t\tdata-title=\"dscf0958\"\n\t\t\t\tdata-description=\" \"\n\t\t\t\tdata-image-slug=\"dscf0958\"\n\t\t\t\t\t\t\t\t\t\t\t\t\t\t\t\t\t\t\t\tclass=\"ngg-fancybox\" rel=\"834c70b30dbbecd58a711501ae09dab1\">\n\t\t\t\t\t\t\t\t<img\n\t\t\t\t\ttitle=\"dscf0958\"\n\t\t\t\t\talt=\"dscf0958\"\n\t\t\t\t\tsrc=\"https:\/\/www.zds.sk\/wp-content\/gallery\/diabetik-a-rodina-ziarska-dolina-hotel-spojar-2013\/thumbs\/thumbs_dscf0958.jpg\"\n\t\t\t\t\twidth=\"120\"\n\t\t\t\t\theight=\"90\"\n\t\t\t\t\tstyle=\"max-width:100%;\"\n\t\t\t\t\/>\n\t\t\t<\/a>\n\t\t<\/div>\n\t\t\t\t\t\t\t<\/div>\n\t\t\t\n\t\n\t<br style=\"clear: both\" \/>\n\n\t\t<div class=\"slideshowlink\">\n\t\t<a href='https:\/\/www.zds.sk\/index.php\/nggallery\/slideshow?page_id=371'>[Show as slideshow]<\/a>\n\n\t<\/div>\n\t\n\t\t<!-- Pagination -->\n\t\t<div class='ngg-clear'><\/div>\t<\/div>\n<\/p>\n","protected":false},"excerpt":{"rendered":"<p>[Show as slideshow]<\/p>\n","protected":false},"author":1,"featured_media":0,"parent":0,"menu_order":0,"comment_status":"closed","ping_status":"closed","template":"","meta":{"ngg_post_thumbnail":0,"_kadence_starter_templates_imported_post":false,"_kad_post_transparent":"","_kad_post_title":"","_kad_post_layout":"","_kad_post_sidebar_id":"","_kad_post_content_style":"","_kad_post_vertical_padding":"","_kad_post_feature":"","_kad_post_feature_position":"","_kad_post_header":false,"_kad_post_footer":false,"_kad_post_classname":"","footnotes":""},"class_list":["post-371","page","type-page","status-publish","hentry"],"_links":{"self":[{"href":"https:\/\/www.zds.sk\/index.php?rest_route=\/wp\/v2\/pages\/371","targetHints":{"allow":["GET"]}}],"collection":[{"href":"https:\/\/www.zds.sk\/index.php?rest_route=\/wp\/v2\/pages"}],"about":[{"href":"https:\/\/www.zds.sk\/index.php?rest_route=\/wp\/v2\/types\/page"}],"author":[{"embeddable":true,"href":"https:\/\/www.zds.sk\/index.php?rest_route=\/wp\/v2\/users\/1"}],"replies":[{"embeddable":true,"href":"https:\/\/www.zds.sk\/index.php?rest_route=%2Fwp%2Fv2%2Fcomments&post=371"}],"version-history":[{"count":1,"href":"https:\/\/www.zds.sk\/index.php?rest_route=\/wp\/v2\/pages\/371\/revisions"}],"predecessor-version":[{"id":373,"href":"https:\/\/www.zds.sk\/index.php?rest_route=\/wp\/v2\/pages\/371\/revisions\/373"}],"wp:attachment":[{"href":"https:\/\/www.zds.sk\/index.php?rest_route=%2Fwp%2Fv2%2Fmedia&parent=371"}],"curies":[{"name":"wp","href":"https:\/\/api.w.org\/{rel}","templated":true}]}}