{"id":42,"date":"2012-01-06T10:54:27","date_gmt":"2012-01-06T09:54:27","guid":{"rendered":"http:\/\/zds.sk\/?page_id=42"},"modified":"2023-03-05T17:59:56","modified_gmt":"2023-03-05T16:59:56","slug":"dokumenty-2","status":"publish","type":"page","link":"https:\/\/www.zds.sk\/?page_id=42","title":{"rendered":"Dokumenty"},"content":{"rendered":"<p><a title=\"Osoby s vy\u0161\u0161\u00edm rizikom ochorenia COVID-19 (.pdf form\u00e1t)\" href=\"dokumenty\/Osoby s vyssim rizikom ochorenia COVID-19.pdf\" target=\"blank\">Osoby s vy\u0161\u0161\u00edm rizikom ochorenia COVID-19.pdf (.pdf format)<\/a><\/p>\n<p><a href=\"dokumenty\/Pomoc sebe a druhym COVID-19.pdf\" target=\"blank\">Pomoc sebe a druh\u00fdm COVID-19 (.pdf format)<\/a><\/p>\n<p><a href=\"dokumenty\/Co robit ak ste chory_COVID-19.pdf\" target=\"blank\">\u010co robi\u0165, ak ste chor\u00fd_COVID-19 (.pdf format)<\/a><\/p>\n<p><a href=\"dokumenty\/10 odporucani ked ste doma COVID-19.pdf\" target=\"blank\">10 odpor\u00fa\u010dan\u00ed, ke\u010f ste doma COVID-19 (.pdf format)<\/a><\/p>\n<p>&nbsp;<\/p>\n<p><a title=\"Smernica o ochrane osobn\u00fdch \u00fadajov (.pdf form\u00e1t)\" href=\"dokumenty\/Smernica_GDPR.pdf\" target=\"blank\">Smernica o ochrane osobn\u00fdch \u00fadajov (.pdf format)<\/a><\/p>\n<p><a href=\"dokumenty\/Eticky_Kodex_ZDS.pdf\" target=\"blank\">Etick\u00fd K\u00f3dex ZDS (.pdf format)<\/a><\/p>\n<p><a href=\"dokumenty\/Protikorupcna_smernica.pdf\" target=\"blank\">Protikorup\u010dn\u00e1 smernica (.pdf format)<\/a><\/p>\n<p><span style=\"color: #c0c0c0;\"><a href=\"dokumenty\/17. FD -Info list pre sestry.doc\"><span style=\"color: #c0c0c0;\">List ku prihl\u00e1\u0161ke na <strong>17. Festival diabetu<\/strong> v Banskej Bystrici 2022 pre Sestry (.doc format)<\/span><\/a><\/span><br \/>\n<span style=\"color: #c0c0c0;\"> <a href=\"dokumenty\/17. FD -Info list pre sestry.pdf\" target=\"blank\"><span style=\"color: #c0c0c0;\">List ku prihl\u00e1\u0161ke na <strong>17. Festival diabetu<\/strong> v Banskej Bystrici 2022 pre Sestry (.pdf format)<\/span><\/a><\/span><br \/>\n<span style=\"color: #c0c0c0;\"> <a href=\"dokumenty\/17. FD -Info list pre firmy.doc\"><span style=\"color: #c0c0c0;\">List ku prihl\u00e1\u0161ke na <strong>17. Festival diabetu<\/strong> v Banskej Bystrici 2022 pre Firmy (.doc format)<\/span><\/a><\/span><br \/>\n<span style=\"color: #c0c0c0;\"> <a href=\"dokumenty\/17. FD -Info list pre firmy.pdf\" target=\"blank\"><span style=\"color: #c0c0c0;\">List ku prihl\u00e1\u0161ke na <strong>17. Festival diabetu<\/strong> v Banskej Bystrici 2022 pre Firmy (.pdf format)<\/span><\/a><\/span><br \/>\n<span style=\"color: #c0c0c0;\"> <a href=\"dokumenty\/17. FD -Info list pre ZO ZDS.doc\"><span style=\"color: #c0c0c0;\">List ku prihl\u00e1\u0161ke na <strong>17. Festival diabetu<\/strong> v Banskej Bystrici 2022 pre ZO (.doc format)<\/span><\/a><\/span><br \/>\n<span style=\"color: #c0c0c0;\"> <a href=\"dokumenty\/17. FD -Info list pre ZO ZDS.pdf\" target=\"blank\"><span style=\"color: #c0c0c0;\">List ku prihl\u00e1\u0161ke na <strong>17. Festival diabetu<\/strong> v Banskej Bystrici 2022 pre ZO (.pdf format)<\/span><\/a><\/span><\/p>\n<p><span style=\"color: #c0c0c0;\"><a href=\"dokumenty\/14. FD -Info list pre sestry.doc\"><span style=\"color: #c0c0c0;\">List ku prihl\u00e1\u0161ke na <strong>14. Festival diabetu<\/strong> v Banskej Bystrici 2019 pre Sestry (.doc format)<\/span><\/a><\/span><br \/>\n<span style=\"color: #c0c0c0;\"> <a href=\"dokumenty\/14. FD -Info list pre sestry.pdf\" target=\"blank\"><span style=\"color: #c0c0c0;\">List ku prihl\u00e1\u0161ke na <strong>14. Festival diabetu<\/strong> v Banskej Bystrici 2019 pre Sestry (.pdf format)<\/span><\/a><\/span><br \/>\n<span style=\"color: #c0c0c0;\"> <a href=\"dokumenty\/14. FD -Info list pre firmy.doc\"><span style=\"color: #c0c0c0;\">List ku prihl\u00e1\u0161ke na <strong>14. Festival diabetu<\/strong> v Banskej Bystrici 2019 pre Firmy (.doc format)<\/span><\/a><\/span><br \/>\n<span style=\"color: #c0c0c0;\"> <a href=\"dokumenty\/14. FD -Info list pre firmy.pdf\" target=\"blank\"><span style=\"color: #c0c0c0;\">List ku prihl\u00e1\u0161ke na <strong>14. Festival diabetu<\/strong> v Banskej Bystrici 2019 pre Firmy (.pdf format)<\/span><\/a><\/span><br \/>\n<span style=\"color: #c0c0c0;\"> <a href=\"dokumenty\/14. FD -Info list pre ZO ZDS.doc\"><span style=\"color: #c0c0c0;\">List ku prihl\u00e1\u0161ke na <strong>14. Festival diabetu<\/strong> v Banskej Bystrici 2019 pre ZO (.doc format)<\/span><\/a><\/span><br \/>\n<span style=\"color: #c0c0c0;\"> <a href=\"dokumenty\/14. FD -Info list pre ZO ZDS.pdf\" target=\"blank\"><span style=\"color: #c0c0c0;\">List ku prihl\u00e1\u0161ke na <strong>14. Festival diabetu<\/strong> v Banskej Bystrici 2019 pre ZO (.pdf format)<\/span><\/a><\/span><\/p>\n<p><span style=\"color: #c0c0c0;\"><a href=\"dokumenty\/13. FD -Info list pre sestry.doc\"><span style=\"color: #c0c0c0;\">List ku prihl\u00e1\u0161ke na <strong>13. Festival diabetu<\/strong> v Banskej Bystrici 2018 pre Sestry (.doc format)<\/span><\/a><br \/>\n<span style=\"color: #c0c0c0;\"><a href=\"dokumenty\/13. FD -Info list pre sestry.pdf\" target=\"blank\"><span style=\"color: #c0c0c0;\">List ku prihl\u00e1\u0161ke na <strong>13. Festival diabetu<\/strong> v Banskej Bystrici 2018 pre Sestry (.pdf format)<\/span><\/a><\/span><\/span><br \/>\n<span style=\"color: #c0c0c0;\"><a href=\"dokumenty\/13. FD -Info list pre firmy.doc\"><span style=\"color: #c0c0c0;\">List ku prihl\u00e1\u0161ke na <strong>13. Festival diabetu<\/strong> v Banskej Bystrici 2018 pre Firmy (.doc format)<\/span><\/a><br \/>\n<span style=\"color: #c0c0c0;\"><a href=\"dokumenty\/13. FD -Info list pre firmy.pdf\" target=\"blank\"><span style=\"color: #c0c0c0;\">List ku prihl\u00e1\u0161ke na <strong>13. Festival diabetu<\/strong> v Banskej Bystrici 2018 pre Firmy (.pdf format)<\/span><\/a><\/span><\/span><br \/>\n<span style=\"color: #c0c0c0;\"><a href=\"dokumenty\/13. FD -Info list pre ZO ZDS.doc\"><span style=\"color: #c0c0c0;\">List ku prihl\u00e1\u0161ke na <strong>13. Festival diabetu<\/strong> v Banskej Bystrici 2018 pre ZO (.doc format)<\/span><\/a><br \/>\n<span style=\"color: #c0c0c0;\"><a href=\"dokumenty\/13. FD -Info list pre ZO ZDS.pdf\" target=\"blank\"><span style=\"color: #c0c0c0;\">List ku prihl\u00e1\u0161ke na <strong>13. Festival diabetu<\/strong> v Banskej Bystrici 2018 pre ZO (.pdf format)<\/span><\/a><\/span><\/span><\/p>\n<p><span style=\"color: #c0c0c0;\"><a href=\"dokumenty\/FD_2015_list_sestry.doc\"><span style=\"color: #c0c0c0;\">List ku prihl\u00e1\u0161ke na <strong>10. Festival diabetu<\/strong> v Banskej Bystrici 2015 pre Sestry (.doc format)<\/span><\/a><\/span><br \/>\n<span style=\"color: #c0c0c0;\"><a href=\"dokumenty\/FD_2015_list_sestry.pdf\" target=\"blank\"><span style=\"color: #c0c0c0;\">List ku prihl\u00e1\u0161ke na <strong>10. Festival diabetu<\/strong> v Banskej Bystrici 2015 pre Sestry (.pdf format)<\/span><\/a><\/span><br \/>\n<span style=\"color: #c0c0c0;\"><a href=\"dokumenty\/FD_2015_list_firmy.doc\"><span style=\"color: #c0c0c0;\">List ku prihl\u00e1\u0161ke na <strong>10. Festival diabetu<\/strong> v Banskej Bystrici 2015 pre Firmy (.doc format)<\/span><\/a><\/span><br \/>\n<span style=\"color: #c0c0c0;\"><a href=\"dokumenty\/FD_2015_list_firmy.pdf\" target=\"blank\"><span style=\"color: #c0c0c0;\">List ku prihl\u00e1\u0161ke na <strong>10. Festival diabetu<\/strong> v Banskej Bystrici 2015 pre Firmy (.pdf format)<\/span><\/a><\/span><br \/>\n<span style=\"color: #c0c0c0;\"><a href=\"dokumenty\/FD_2015_list_ZO.doc\"><span style=\"color: #c0c0c0;\">List ku prihl\u00e1\u0161ke na <strong>10. Festival diabetu<\/strong> v Banskej Bystrici 2015 pre ZO (.doc format)<\/span><\/a><\/span><br \/>\n<span style=\"color: #c0c0c0;\"><a href=\"dokumenty\/FD_2015_list_ZO.pdf\" target=\"blank\"><span style=\"color: #c0c0c0;\">List ku prihl\u00e1\u0161ke na <strong>10. Festival diabetu<\/strong> v Banskej Bystrici 2015 pre ZO (.pdf format)<\/span><\/a><\/span><\/p>\n<p><strong>List Ministerstvu Zdravotn\u00edctva 3.4.2015<\/strong><\/p>\n<p><a title=\"List Ministerstvu zdravotn\u00edctva 3.4.2015\" href=\"http:\/\/zds.sk\/dokumenty\/List_MZ_4_3_2015.doc\" target=\"_blank\">List Ministerstvu Zdravotn\u00edctva 3.4.2015 (.doc form\u00e1t)<\/a><\/p>\n<p><a title=\"List Ministerstvu zdravotn\u00edctva 3.4.2015 (pdf)\" href=\"http:\/\/zds.sk\/dokumenty\/List_MZ_4_3_2015.pdf\" target=\"_blank\">List Ministerstvu Zdravotn\u00edctva 3.4.2015 (.pdf form\u00e1t)<\/a><\/p>\n<p>&nbsp;<\/p>\n<p><strong>Stanovy ZDS<\/strong><\/p>\n<p><a title=\"Stanovy ZDS (.doc form\u00e1t)\" href=\"http:\/\/zds.sk\/dokumenty\/Stanovy_2015.doc\" target=\"_blank\">Stanovy ZDS (.doc form\u00e1t)<\/a><\/p>\n<p><a title=\"Stanovy ZDS (.pdf form\u00e1t)\" href=\"http:\/\/zds.sk\/dokumenty\/Stanovy_2015.pdf\" target=\"_blank\">Stanovy ZDS (.pdf form\u00e1t)<\/a><\/p>\n<p>&nbsp;<\/p>\n<p><strong>2% z Dane<\/strong><\/p>\n<p><a title=\"Vyhl\u00e1senie o pouk\u00e1zan\u00ed 1,5% z dane (.doc form\u00e1t)\" href=\"http:\/\/zds.sk\/dokumenty\/vyhlasenie.doc\" target=\"_blank\">Vyhl\u00e1senie o pouk\u00e1zan\u00ed 1,5% z dane (.doc form\u00e1t)<\/a><\/p>\n<p><a title=\"Vyhl\u00e1senie o pouk\u00e1zan\u00ed 1,5% z dane (.pdf form\u00e1t)\" href=\"http:\/\/zds.sk\/dokumenty\/vyhlasenie.pdf\" target=\"_blank\">Vyhl\u00e1senie o pouk\u00e1zan\u00ed 1,5% z dane (.pdf form\u00e1t)<\/a><\/p>\n<p>&nbsp;<\/p>\n<p><strong>List Ministerstvu Zdravotn\u00edctva 9.2.2013<\/strong><\/p>\n<p><a title=\"List Ministerstvu zdravotn\u00edctva 9.2.2013\" href=\"http:\/\/zds.sk\/dokumenty\/List_MZ_SR_9_2_2013.doc\" target=\"_blank\">List Ministerstvu Zdravotn\u00edctva 9.2.2013 (.doc form\u00e1t)<\/a><\/p>\n<p><a title=\"List Ministerstvu zdravotn\u00edctva 9.2.2013 (pdf)\" href=\"http:\/\/zds.sk\/dokumenty\/List_MZ_SR_9_2_2013.pdf\" target=\"_blank\">List Ministerstvu Zdravotn\u00edctva 9.2.2013 (.pdf form\u00e1t)<\/a><\/p>\n<p>&nbsp;<\/p>\n<p><strong>Tla\u010dov\u00e1 spr\u00e1va ku 7. Festivalu diabetu 2012<\/strong><\/p>\n<p><a title=\"Tla\u010dov\u00e1 spr\u00e1va ku 7. Festivalu diabetu 2012 (.pdf form\u00e1t)\" href=\"http:\/\/zds.sk\/dokumenty\/Tlacova_sprava_FD_2012.pdf\" target=\"_blank\">Tla\u010dov\u00e1 spr\u00e1va ku 7. Festivalu diabetu 2012 (.pdf form\u00e1t)<\/a><\/p>\n<p>&nbsp;<\/p>\n<p><strong>Vo\u013eby v ZDS na roky 2013 &#8211; 2017<\/strong><\/p>\n<p><a title=\"Vo\u013eby v ZDS na roky 2013 - 2017 (.doc form\u00e1t)\" href=\"http:\/\/zds.sk\/dokumenty\/volby_2013_2017.doc\" target=\"_blank\">Vo\u013eby v ZDS na roky 2013 &#8211; 2017 (.doc form\u00e1t)<\/a><\/p>\n<p><a title=\"Vo\u013eby v ZDS na roky 2013 - 2017 (.pdf form\u00e1t)\" href=\"http:\/\/zds.sk\/dokumenty\/volby_2013_2017.pdf\" target=\"_blank\">Vo\u013eby v ZDS na roky 2013 &#8211; 2017 (.pdf form\u00e1t)<\/a><\/p>\n<p>&nbsp;<\/p>\n<p><strong>Pl\u00e1n \u010dinnosti ZDS na roky 2013 &#8211; 2017<\/strong><\/p>\n<p><a title=\"Pl\u00e1n \u010dinnosti ZDS na roky 2013 - 2017 (.doc form\u00e1t)\" href=\"http:\/\/zds.sk\/dokumenty\/plan_2013_2017.doc\" target=\"_blank\">Pl\u00e1n \u010dinnosti ZDS na roky 2013 &#8211; 2017 (.doc form\u00e1t)<\/a><\/p>\n<p><a title=\"Pl\u00e1n \u010dinnosti ZDS na roky 2013 - 2017 (.pdf form\u00e1t)\" href=\"http:\/\/zds.sk\/dokumenty\/plan_2013_2017.pdf\" target=\"_blank\">Pl\u00e1n \u010dinnosti ZDS na roky 2013 &#8211; 2017 (.pdf form\u00e1t)<\/a><\/p>\n<p>&nbsp;<\/p>\n<p><strong>Metodika zakladania z\u00e1kladn\u00fdch organiz\u00e1ci\u00ed ZDS<\/strong><\/p>\n<p><a title=\"Metodika zakladania ZO ZDS (.doc form\u00e1t)\" href=\"http:\/\/zds.sk\/dokumenty\/metodika.doc\" target=\"_blank\">Metodika zakladania ZO ZDS (.doc form\u00e1t)<\/a><\/p>\n<p><a title=\"Metodika zakladania ZO ZDS (.pdf form\u00e1t)\" href=\"http:\/\/zds.sk\/dokumenty\/metodika.pdf\" target=\"_blank\">Metodika zakladania ZO ZDS (.pdf form\u00e1t)<\/a><\/p>\n","protected":false},"excerpt":{"rendered":"<p>Osoby s vy\u0161\u0161\u00edm rizikom ochorenia COVID-19.pdf (.pdf format) Pomoc sebe a druh\u00fdm COVID-19 (.pdf format) \u010co robi\u0165, ak ste chor\u00fd_COVID-19 (.pdf format) 10 odpor\u00fa\u010dan\u00ed, ke\u010f ste doma COVID-19 (.pdf format) &nbsp; Smernica o ochrane osobn\u00fdch \u00fadajov (.pdf format) Etick\u00fd K\u00f3dex ZDS (.pdf format) Protikorup\u010dn\u00e1 smernica (.pdf format) List ku prihl\u00e1\u0161ke na 17. Festival diabetu v&#8230;<\/p>\n","protected":false},"author":1,"featured_media":0,"parent":0,"menu_order":0,"comment_status":"closed","ping_status":"closed","template":"","meta":{"ngg_post_thumbnail":0,"_kadence_starter_templates_imported_post":false,"_kad_post_transparent":"","_kad_post_title":"","_kad_post_layout":"","_kad_post_sidebar_id":"","_kad_post_content_style":"","_kad_post_vertical_padding":"","_kad_post_feature":"","_kad_post_feature_position":"","_kad_post_header":false,"_kad_post_footer":false,"_kad_post_classname":"","footnotes":""},"class_list":["post-42","page","type-page","status-publish","hentry"],"_links":{"self":[{"href":"https:\/\/www.zds.sk\/index.php?rest_route=\/wp\/v2\/pages\/42","targetHints":{"allow":["GET"]}}],"collection":[{"href":"https:\/\/www.zds.sk\/index.php?rest_route=\/wp\/v2\/pages"}],"about":[{"href":"https:\/\/www.zds.sk\/index.php?rest_route=\/wp\/v2\/types\/page"}],"author":[{"embeddable":true,"href":"https:\/\/www.zds.sk\/index.php?rest_route=\/wp\/v2\/users\/1"}],"replies":[{"embeddable":true,"href":"https:\/\/www.zds.sk\/index.php?rest_route=%2Fwp%2Fv2%2Fcomments&post=42"}],"version-history":[{"count":40,"href":"https:\/\/www.zds.sk\/index.php?rest_route=\/wp\/v2\/pages\/42\/revisions"}],"predecessor-version":[{"id":1177,"href":"https:\/\/www.zds.sk\/index.php?rest_route=\/wp\/v2\/pages\/42\/revisions\/1177"}],"wp:attachment":[{"href":"https:\/\/www.zds.sk\/index.php?rest_route=%2Fwp%2Fv2%2Fmedia&parent=42"}],"curies":[{"name":"wp","href":"https:\/\/api.w.org\/{rel}","templated":true}]}}