{"id":764,"date":"2015-01-22T02:47:38","date_gmt":"2015-01-22T01:47:38","guid":{"rendered":"http:\/\/zds.sk\/?page_id=764"},"modified":"2025-11-11T11:36:09","modified_gmt":"2025-11-11T10:36:09","slug":"casopis-diaspektrum","status":"publish","type":"page","link":"https:\/\/www.zds.sk\/?page_id=764","title":{"rendered":"\u010casopis Diaspektrum"},"content":{"rendered":"<p><a href=\"http:\/\/zds.sk\/casopis\/Diaspektrum_2_2025.pdf\" target=\"_blank\"><img loading=\"lazy\" decoding=\"async\" class=\"alignleft wp-image-768\" src=\"http:\/\/zds.sk\/wp-content\/uploads\/2015\/01\/pdf-150x150.png\" alt=\"pdf\" width=\"100\" height=\"100\" srcset=\"https:\/\/www.zds.sk\/wp-content\/uploads\/2015\/01\/pdf-150x150.png 150w, https:\/\/www.zds.sk\/wp-content\/uploads\/2015\/01\/pdf.png 256w\" sizes=\"auto, (max-width: 100px) 100vw, 100px\" \/><\/a><\/p>\n<p><a href=\"http:\/\/zds.sk\/casopis\/Diaspektrum_2_2025.pdf\" target=\"_blank\">\u010casopis Diaspektrum 2\/2025<\/a><\/p>\n<p>&nbsp;<\/p>\n<p>&nbsp;<\/p>\n<p>&nbsp;<\/p>\n<p><a href=\"http:\/\/zds.sk\/casopis\/Diaspektrum_1_2025.pdf\" target=\"_blank\"><img loading=\"lazy\" decoding=\"async\" class=\"alignleft wp-image-768\" src=\"http:\/\/zds.sk\/wp-content\/uploads\/2015\/01\/pdf-150x150.png\" alt=\"pdf\" width=\"100\" height=\"100\" srcset=\"https:\/\/www.zds.sk\/wp-content\/uploads\/2015\/01\/pdf-150x150.png 150w, https:\/\/www.zds.sk\/wp-content\/uploads\/2015\/01\/pdf.png 256w\" sizes=\"auto, (max-width: 100px) 100vw, 100px\" \/><\/a><\/p>\n<p><a href=\"http:\/\/zds.sk\/casopis\/Diaspektrum_1_2025.pdf\" target=\"_blank\">\u010casopis Diaspektrum 1\/2025<\/a><\/p>\n<p>&nbsp;<\/p>\n<p>&nbsp;<\/p>\n<p>&nbsp;<\/p>\n<p><a href=\"http:\/\/zds.sk\/casopis\/Diaspektrum_1_2024.pdf\" target=\"_blank\"><img loading=\"lazy\" decoding=\"async\" class=\"alignleft wp-image-768\" src=\"http:\/\/zds.sk\/wp-content\/uploads\/2015\/01\/pdf-150x150.png\" alt=\"pdf\" width=\"100\" height=\"100\" srcset=\"https:\/\/www.zds.sk\/wp-content\/uploads\/2015\/01\/pdf-150x150.png 150w, https:\/\/www.zds.sk\/wp-content\/uploads\/2015\/01\/pdf.png 256w\" sizes=\"auto, (max-width: 100px) 100vw, 100px\" \/><\/a><\/p>\n<p><a href=\"http:\/\/zds.sk\/casopis\/Diaspektrum_1_2024.pdf\" target=\"_blank\">\u010casopis Diaspektrum 1\/2024<\/a><\/p>\n<p>&nbsp;<\/p>\n<p>&nbsp;<\/p>\n<p>&nbsp;<\/p>\n<p><a href=\"http:\/\/zds.sk\/casopis\/Diaspektrum_2_2023.pdf\" target=\"_blank\"><img loading=\"lazy\" decoding=\"async\" class=\"alignleft wp-image-768\" src=\"http:\/\/zds.sk\/wp-content\/uploads\/2015\/01\/pdf-150x150.png\" alt=\"pdf\" width=\"100\" height=\"100\" srcset=\"https:\/\/www.zds.sk\/wp-content\/uploads\/2015\/01\/pdf-150x150.png 150w, https:\/\/www.zds.sk\/wp-content\/uploads\/2015\/01\/pdf.png 256w\" sizes=\"auto, (max-width: 100px) 100vw, 100px\" \/><\/a><\/p>\n<p><a href=\"http:\/\/zds.sk\/casopis\/Diaspektrum_2_2023.pdf\" target=\"_blank\">\u010casopis Diaspektrum 2\/2023<\/a><\/p>\n<p>&nbsp;<\/p>\n<p>&nbsp;<\/p>\n<p>&nbsp;<\/p>\n<p><a href=\"http:\/\/zds.sk\/casopis\/Diaspektrum_1_2023.pdf\" target=\"_blank\"><img loading=\"lazy\" decoding=\"async\" class=\"alignleft wp-image-768\" src=\"http:\/\/zds.sk\/wp-content\/uploads\/2015\/01\/pdf-150x150.png\" alt=\"pdf\" width=\"100\" height=\"100\" srcset=\"https:\/\/www.zds.sk\/wp-content\/uploads\/2015\/01\/pdf-150x150.png 150w, https:\/\/www.zds.sk\/wp-content\/uploads\/2015\/01\/pdf.png 256w\" sizes=\"auto, (max-width: 100px) 100vw, 100px\" \/><\/a><\/p>\n<p><a href=\"http:\/\/zds.sk\/casopis\/Diaspektrum_1_2023.pdf\" target=\"_blank\">\u010casopis Diaspektrum 1\/2023<\/a><\/p>\n<p>&nbsp;<\/p>\n<p>&nbsp;<\/p>\n<p>&nbsp;<\/p>\n<p><a href=\"http:\/\/zds.sk\/casopis\/Diaspektrum_2_2022.pdf\" target=\"_blank\"><img loading=\"lazy\" decoding=\"async\" class=\"alignleft wp-image-768\" src=\"http:\/\/zds.sk\/wp-content\/uploads\/2015\/01\/pdf-150x150.png\" alt=\"pdf\" width=\"100\" height=\"100\" srcset=\"https:\/\/www.zds.sk\/wp-content\/uploads\/2015\/01\/pdf-150x150.png 150w, https:\/\/www.zds.sk\/wp-content\/uploads\/2015\/01\/pdf.png 256w\" sizes=\"auto, (max-width: 100px) 100vw, 100px\" \/><\/a><\/p>\n<p><a href=\"http:\/\/zds.sk\/casopis\/Diaspektrum_2_2022.pdf\" target=\"_blank\">\u010casopis Diaspektrum 2\/2022<\/a><\/p>\n<p>&nbsp;<\/p>\n<p>&nbsp;<\/p>\n<p>&nbsp;<\/p>\n<p><a href=\"http:\/\/zds.sk\/casopis\/Diaspektrum_1_2022.pdf\" target=\"_blank\"><img loading=\"lazy\" decoding=\"async\" class=\"alignleft wp-image-768\" src=\"http:\/\/zds.sk\/wp-content\/uploads\/2015\/01\/pdf-150x150.png\" alt=\"pdf\" width=\"100\" height=\"100\" srcset=\"https:\/\/www.zds.sk\/wp-content\/uploads\/2015\/01\/pdf-150x150.png 150w, https:\/\/www.zds.sk\/wp-content\/uploads\/2015\/01\/pdf.png 256w\" sizes=\"auto, (max-width: 100px) 100vw, 100px\" \/><\/a><\/p>\n<p><a href=\"http:\/\/zds.sk\/casopis\/Diaspektrum_1_2022.pdf\" target=\"_blank\">\u010casopis Diaspektrum 1\/2022<\/a><\/p>\n<p>&nbsp;<\/p>\n<p>&nbsp;<\/p>\n<p>&nbsp;<\/p>\n<p><a href=\"http:\/\/zds.sk\/casopis\/Diaspektrum_2_2021.pdf\" target=\"_blank\"><img loading=\"lazy\" decoding=\"async\" class=\"alignleft wp-image-768\" src=\"http:\/\/zds.sk\/wp-content\/uploads\/2015\/01\/pdf-150x150.png\" alt=\"pdf\" width=\"100\" height=\"100\" srcset=\"https:\/\/www.zds.sk\/wp-content\/uploads\/2015\/01\/pdf-150x150.png 150w, https:\/\/www.zds.sk\/wp-content\/uploads\/2015\/01\/pdf.png 256w\" sizes=\"auto, (max-width: 100px) 100vw, 100px\" \/><\/a><\/p>\n<p><a href=\"http:\/\/zds.sk\/casopis\/Diaspektrum_2_2021.pdf\" target=\"_blank\">\u010casopis Diaspektrum 2\/2021<\/a><\/p>\n<p>&nbsp;<\/p>\n<p>&nbsp;<\/p>\n<p>&nbsp;<\/p>\n<p><a href=\"http:\/\/zds.sk\/casopis\/Diaspektrum_1_2021.pdf\" target=\"_blank\"><img loading=\"lazy\" decoding=\"async\" class=\"alignleft wp-image-768\" src=\"http:\/\/zds.sk\/wp-content\/uploads\/2015\/01\/pdf-150x150.png\" alt=\"pdf\" width=\"100\" height=\"100\" srcset=\"https:\/\/www.zds.sk\/wp-content\/uploads\/2015\/01\/pdf-150x150.png 150w, https:\/\/www.zds.sk\/wp-content\/uploads\/2015\/01\/pdf.png 256w\" sizes=\"auto, (max-width: 100px) 100vw, 100px\" \/><\/a><\/p>\n<p><a href=\"http:\/\/zds.sk\/casopis\/Diaspektrum_1_2021.pdf\" target=\"_blank\">\u010casopis Diaspektrum 1\/2021<\/a><\/p>\n<p>&nbsp;<\/p>\n<p>&nbsp;<\/p>\n<p>&nbsp;<\/p>\n<p><a href=\"http:\/\/zds.sk\/casopis\/Diaspektrum_spec_web.pdf\" target=\"_blank\"><img loading=\"lazy\" decoding=\"async\" class=\"alignleft wp-image-768\" src=\"http:\/\/zds.sk\/wp-content\/uploads\/2015\/01\/pdf-150x150.png\" alt=\"pdf\" width=\"100\" height=\"100\" srcset=\"https:\/\/www.zds.sk\/wp-content\/uploads\/2015\/01\/pdf-150x150.png 150w, https:\/\/www.zds.sk\/wp-content\/uploads\/2015\/01\/pdf.png 256w\" sizes=\"auto, (max-width: 100px) 100vw, 100px\" \/><\/a><\/p>\n<p><a href=\"http:\/\/zds.sk\/casopis\/Diaspektrum_spec_web.pdf\" target=\"_blank\">\u010casopis Diaspektrum \u0161peci\u00e1l<\/a><\/p>\n<p>&nbsp;<\/p>\n<p>&nbsp;<\/p>\n<p>&nbsp;<\/p>\n<p><a href=\"http:\/\/zds.sk\/casopis\/Diaspektrum_2_2020.pdf\" target=\"_blank\"><img loading=\"lazy\" decoding=\"async\" class=\"alignleft wp-image-768\" src=\"http:\/\/zds.sk\/wp-content\/uploads\/2015\/01\/pdf-150x150.png\" alt=\"pdf\" width=\"100\" height=\"100\" srcset=\"https:\/\/www.zds.sk\/wp-content\/uploads\/2015\/01\/pdf-150x150.png 150w, https:\/\/www.zds.sk\/wp-content\/uploads\/2015\/01\/pdf.png 256w\" sizes=\"auto, (max-width: 100px) 100vw, 100px\" \/><\/a><\/p>\n<p><a href=\"http:\/\/zds.sk\/casopis\/Diaspektrum_2_2020.pdf\" target=\"_blank\">\u010casopis Diaspektrum 2\/2020<\/a><\/p>\n<p>&nbsp;<\/p>\n<p>&nbsp;<\/p>\n<p>&nbsp;<\/p>\n<p><a href=\"http:\/\/zds.sk\/casopis\/Diaspektrum_1_2020.pdf\" target=\"_blank\"><img loading=\"lazy\" decoding=\"async\" class=\"alignleft wp-image-768\" src=\"http:\/\/zds.sk\/wp-content\/uploads\/2015\/01\/pdf-150x150.png\" alt=\"pdf\" width=\"100\" height=\"100\" srcset=\"https:\/\/www.zds.sk\/wp-content\/uploads\/2015\/01\/pdf-150x150.png 150w, https:\/\/www.zds.sk\/wp-content\/uploads\/2015\/01\/pdf.png 256w\" sizes=\"auto, (max-width: 100px) 100vw, 100px\" \/><\/a><\/p>\n<p><a href=\"http:\/\/zds.sk\/casopis\/Diaspektrum_1_2020.pdf\" target=\"_blank\">\u010casopis Diaspektrum 1\/2020<\/a><\/p>\n<p>&nbsp;<\/p>\n<p>&nbsp;<\/p>\n<p>&nbsp;<\/p>\n<p><a href=\"http:\/\/zds.sk\/casopis\/Diaspektrum_2_2019.pdf\" target=\"_blank\"><img loading=\"lazy\" decoding=\"async\" class=\"alignleft wp-image-768\" src=\"http:\/\/zds.sk\/wp-content\/uploads\/2015\/01\/pdf-150x150.png\" alt=\"pdf\" width=\"100\" height=\"100\" srcset=\"https:\/\/www.zds.sk\/wp-content\/uploads\/2015\/01\/pdf-150x150.png 150w, https:\/\/www.zds.sk\/wp-content\/uploads\/2015\/01\/pdf.png 256w\" sizes=\"auto, (max-width: 100px) 100vw, 100px\" \/><\/a><\/p>\n<p><a href=\"http:\/\/zds.sk\/casopis\/Diaspektrum_2_2019.pdf\" target=\"_blank\">\u010casopis Diaspektrum 2\/2019<\/a><\/p>\n<p>&nbsp;<\/p>\n<p>&nbsp;<\/p>\n<p>&nbsp;<\/p>\n<p><a href=\"http:\/\/zds.sk\/casopis\/Diaspektrum_1_2019.pdf\" target=\"_blank\"><img loading=\"lazy\" decoding=\"async\" class=\"alignleft wp-image-768\" src=\"http:\/\/zds.sk\/wp-content\/uploads\/2015\/01\/pdf-150x150.png\" alt=\"pdf\" width=\"100\" height=\"100\" srcset=\"https:\/\/www.zds.sk\/wp-content\/uploads\/2015\/01\/pdf-150x150.png 150w, https:\/\/www.zds.sk\/wp-content\/uploads\/2015\/01\/pdf.png 256w\" sizes=\"auto, (max-width: 100px) 100vw, 100px\" \/><\/a><\/p>\n<p><a href=\"http:\/\/zds.sk\/casopis\/Diaspektrum_1_2019.pdf\" target=\"_blank\">\u010casopis Diaspektrum 1\/2019<\/a><\/p>\n<p>&nbsp;<\/p>\n<p>&nbsp;<\/p>\n<p>&nbsp;<\/p>\n<p><a href=\"http:\/\/zds.sk\/casopis\/Diaspektrum_2_2018.pdf\" target=\"_blank\"><img loading=\"lazy\" decoding=\"async\" class=\"alignleft wp-image-768\" src=\"http:\/\/zds.sk\/wp-content\/uploads\/2015\/01\/pdf-150x150.png\" alt=\"pdf\" width=\"100\" height=\"100\" srcset=\"https:\/\/www.zds.sk\/wp-content\/uploads\/2015\/01\/pdf-150x150.png 150w, https:\/\/www.zds.sk\/wp-content\/uploads\/2015\/01\/pdf.png 256w\" sizes=\"auto, (max-width: 100px) 100vw, 100px\" \/><\/a><\/p>\n<p><a href=\"http:\/\/zds.sk\/casopis\/Diaspektrum_2_2018.pdf\" target=\"_blank\">\u010casopis Diaspektrum 2\/2018<\/a><\/p>\n<p>&nbsp;<\/p>\n<p>&nbsp;<\/p>\n<p>&nbsp;<\/p>\n<p><a href=\"http:\/\/zds.sk\/casopis\/Diaspektrum_1_2018.pdf\" target=\"_blank\"><img loading=\"lazy\" decoding=\"async\" class=\"alignleft wp-image-768\" src=\"http:\/\/zds.sk\/wp-content\/uploads\/2015\/01\/pdf-150x150.png\" alt=\"pdf\" width=\"100\" height=\"100\" srcset=\"https:\/\/www.zds.sk\/wp-content\/uploads\/2015\/01\/pdf-150x150.png 150w, https:\/\/www.zds.sk\/wp-content\/uploads\/2015\/01\/pdf.png 256w\" sizes=\"auto, (max-width: 100px) 100vw, 100px\" \/><\/a><\/p>\n<p><a href=\"http:\/\/zds.sk\/casopis\/Diaspektrum_1_2018.pdf\" target=\"_blank\">\u010casopis Diaspektrum 1\/2018<\/a><\/p>\n<p>&nbsp;<\/p>\n<p>&nbsp;<\/p>\n<p>&nbsp;<\/p>\n<p><a href=\"http:\/\/zds.sk\/casopis\/Diaspektrum_2_2017.pdf\" target=\"_blank\"><img loading=\"lazy\" decoding=\"async\" class=\"alignleft wp-image-768\" src=\"http:\/\/zds.sk\/wp-content\/uploads\/2015\/01\/pdf-150x150.png\" alt=\"pdf\" width=\"100\" height=\"100\" srcset=\"https:\/\/www.zds.sk\/wp-content\/uploads\/2015\/01\/pdf-150x150.png 150w, https:\/\/www.zds.sk\/wp-content\/uploads\/2015\/01\/pdf.png 256w\" sizes=\"auto, (max-width: 100px) 100vw, 100px\" \/><\/a><\/p>\n<p><a href=\"http:\/\/zds.sk\/casopis\/Diaspektrum_2_2017.pdf\" target=\"_blank\">\u010casopis Diaspektrum 2\/2017<\/a><\/p>\n<p>&nbsp;<\/p>\n<p>&nbsp;<\/p>\n<p>&nbsp;<\/p>\n<p><a href=\"http:\/\/zds.sk\/casopis\/Diaspektrum_1_2017.pdf\" target=\"_blank\"><img loading=\"lazy\" decoding=\"async\" class=\"alignleft wp-image-768\" src=\"http:\/\/zds.sk\/wp-content\/uploads\/2015\/01\/pdf-150x150.png\" alt=\"pdf\" width=\"100\" height=\"100\" srcset=\"https:\/\/www.zds.sk\/wp-content\/uploads\/2015\/01\/pdf-150x150.png 150w, https:\/\/www.zds.sk\/wp-content\/uploads\/2015\/01\/pdf.png 256w\" sizes=\"auto, (max-width: 100px) 100vw, 100px\" \/><\/a><\/p>\n<p><a href=\"http:\/\/zds.sk\/casopis\/Diaspektrum_1_2017.pdf\" target=\"_blank\">\u010casopis Diaspektrum 1\/2017<\/a><\/p>\n<p>&nbsp;<\/p>\n<p>&nbsp;<\/p>\n<p>&nbsp;<\/p>\n<p><a href=\"http:\/\/zds.sk\/casopis\/Diaspektrum_2_2016.pdf\" target=\"_blank\"><img loading=\"lazy\" decoding=\"async\" class=\"alignleft wp-image-768\" src=\"http:\/\/zds.sk\/wp-content\/uploads\/2015\/01\/pdf-150x150.png\" alt=\"pdf\" width=\"100\" height=\"100\" srcset=\"https:\/\/www.zds.sk\/wp-content\/uploads\/2015\/01\/pdf-150x150.png 150w, https:\/\/www.zds.sk\/wp-content\/uploads\/2015\/01\/pdf.png 256w\" sizes=\"auto, (max-width: 100px) 100vw, 100px\" \/><\/a><\/p>\n<p><a href=\"http:\/\/zds.sk\/casopis\/Diaspektrum_2_2016.pdf\" target=\"_blank\">\u010casopis Diaspektrum 2\/2016<\/a><\/p>\n<p>&nbsp;<\/p>\n<p>&nbsp;<\/p>\n<p>&nbsp;<\/p>\n<p><a href=\"http:\/\/zds.sk\/casopis\/Diaspektrum_1_2016.pdf\" target=\"_blank\"><img loading=\"lazy\" decoding=\"async\" class=\"alignleft wp-image-768\" src=\"http:\/\/zds.sk\/wp-content\/uploads\/2015\/01\/pdf-150x150.png\" alt=\"pdf\" width=\"100\" height=\"100\" srcset=\"https:\/\/www.zds.sk\/wp-content\/uploads\/2015\/01\/pdf-150x150.png 150w, https:\/\/www.zds.sk\/wp-content\/uploads\/2015\/01\/pdf.png 256w\" sizes=\"auto, (max-width: 100px) 100vw, 100px\" \/><\/a><\/p>\n<p><a href=\"http:\/\/zds.sk\/casopis\/Diaspektrum_1_2016.pdf\" target=\"_blank\">\u010casopis Diaspektrum 1\/2016<\/a><\/p>\n<p>&nbsp;<\/p>\n<p>&nbsp;<\/p>\n<p>&nbsp;<\/p>\n<p><a href=\"http:\/\/zds.sk\/casopis\/Diaspektrum_2_2015.pdf\" target=\"_blank\"><img loading=\"lazy\" decoding=\"async\" class=\"alignleft wp-image-768\" src=\"http:\/\/zds.sk\/wp-content\/uploads\/2015\/01\/pdf-150x150.png\" alt=\"pdf\" width=\"100\" height=\"100\" srcset=\"https:\/\/www.zds.sk\/wp-content\/uploads\/2015\/01\/pdf-150x150.png 150w, https:\/\/www.zds.sk\/wp-content\/uploads\/2015\/01\/pdf.png 256w\" sizes=\"auto, (max-width: 100px) 100vw, 100px\" \/><\/a><\/p>\n<p><a href=\"http:\/\/zds.sk\/casopis\/Diaspektrum_2_2015.pdf\" target=\"_blank\">\u010casopis Diaspektrum 2\/2015<\/a><\/p>\n<p>&nbsp;<\/p>\n<p>&nbsp;<\/p>\n<p>&nbsp;<\/p>\n<p><a href=\"http:\/\/zds.sk\/casopis\/Diaspektrum_1_2015.pdf\" target=\"_blank\"><img loading=\"lazy\" decoding=\"async\" class=\"alignleft wp-image-768\" src=\"http:\/\/zds.sk\/wp-content\/uploads\/2015\/01\/pdf-150x150.png\" alt=\"pdf\" width=\"100\" height=\"100\" srcset=\"https:\/\/www.zds.sk\/wp-content\/uploads\/2015\/01\/pdf-150x150.png 150w, https:\/\/www.zds.sk\/wp-content\/uploads\/2015\/01\/pdf.png 256w\" sizes=\"auto, (max-width: 100px) 100vw, 100px\" \/><\/a><\/p>\n<p><a href=\"http:\/\/zds.sk\/casopis\/Diaspektrum_1_2015.pdf\" target=\"_blank\">\u010casopis Diaspektrum 1\/2015<\/a><\/p>\n<p>&nbsp;<\/p>\n<p>&nbsp;<\/p>\n<p>&nbsp;<\/p>\n<p><a href=\"http:\/\/zds.sk\/casopis\/Diaspektrum_2_2014.pdf\" target=\"_blank\"><img loading=\"lazy\" decoding=\"async\" class=\"alignleft wp-image-768\" src=\"http:\/\/zds.sk\/wp-content\/uploads\/2015\/01\/pdf-150x150.png\" alt=\"pdf\" width=\"100\" height=\"100\" srcset=\"https:\/\/www.zds.sk\/wp-content\/uploads\/2015\/01\/pdf-150x150.png 150w, https:\/\/www.zds.sk\/wp-content\/uploads\/2015\/01\/pdf.png 256w\" sizes=\"auto, (max-width: 100px) 100vw, 100px\" \/><\/a><\/p>\n<p><a href=\"http:\/\/zds.sk\/casopis\/Diaspektrum_2_2014.pdf\" target=\"_blank\">\u010casopis Diaspektrum 2\/2014<\/a><\/p>\n<p>&nbsp;<\/p>\n<p>&nbsp;<\/p>\n<p>&nbsp;<\/p>\n<p><a href=\"http:\/\/zds.sk\/casopis\/Diaspektrum_1_2014.pdf\" target=\"_blank\"><img loading=\"lazy\" decoding=\"async\" class=\"alignleft wp-image-768\" src=\"http:\/\/zds.sk\/wp-content\/uploads\/2015\/01\/pdf-150x150.png\" alt=\"pdf\" width=\"100\" height=\"100\" srcset=\"https:\/\/www.zds.sk\/wp-content\/uploads\/2015\/01\/pdf-150x150.png 150w, https:\/\/www.zds.sk\/wp-content\/uploads\/2015\/01\/pdf.png 256w\" sizes=\"auto, (max-width: 100px) 100vw, 100px\" \/><\/a><\/p>\n<p><a href=\"http:\/\/zds.sk\/casopis\/Diaspektrum_1_2014.pdf\" target=\"_blank\">\u010casopis Diaspektrum 1\/2014<\/a><\/p>\n","protected":false},"excerpt":{"rendered":"<p>\u010casopis Diaspektrum 2\/2025 &nbsp; &nbsp; &nbsp; \u010casopis Diaspektrum 1\/2025 &nbsp; &nbsp; &nbsp; \u010casopis Diaspektrum 1\/2024 &nbsp; &nbsp; &nbsp; \u010casopis Diaspektrum 2\/2023 &nbsp; &nbsp; &nbsp; \u010casopis Diaspektrum 1\/2023 &nbsp; &nbsp; &nbsp; \u010casopis Diaspektrum 2\/2022 &nbsp; &nbsp; &nbsp; \u010casopis Diaspektrum 1\/2022 &nbsp; &nbsp; &nbsp; \u010casopis Diaspektrum 2\/2021 &nbsp; &nbsp; &nbsp; \u010casopis Diaspektrum 1\/2021 &nbsp; &nbsp; &nbsp; \u010casopis&#8230;<\/p>\n","protected":false},"author":1,"featured_media":0,"parent":0,"menu_order":0,"comment_status":"closed","ping_status":"closed","template":"","meta":{"ngg_post_thumbnail":0,"_kadence_starter_templates_imported_post":false,"_kad_post_transparent":"","_kad_post_title":"","_kad_post_layout":"","_kad_post_sidebar_id":"","_kad_post_content_style":"","_kad_post_vertical_padding":"","_kad_post_feature":"","_kad_post_feature_position":"","_kad_post_header":false,"_kad_post_footer":false,"_kad_post_classname":"","footnotes":""},"class_list":["post-764","page","type-page","status-publish","hentry"],"_links":{"self":[{"href":"https:\/\/www.zds.sk\/index.php?rest_route=\/wp\/v2\/pages\/764","targetHints":{"allow":["GET"]}}],"collection":[{"href":"https:\/\/www.zds.sk\/index.php?rest_route=\/wp\/v2\/pages"}],"about":[{"href":"https:\/\/www.zds.sk\/index.php?rest_route=\/wp\/v2\/types\/page"}],"author":[{"embeddable":true,"href":"https:\/\/www.zds.sk\/index.php?rest_route=\/wp\/v2\/users\/1"}],"replies":[{"embeddable":true,"href":"https:\/\/www.zds.sk\/index.php?rest_route=%2Fwp%2Fv2%2Fcomments&post=764"}],"version-history":[{"count":28,"href":"https:\/\/www.zds.sk\/index.php?rest_route=\/wp\/v2\/pages\/764\/revisions"}],"predecessor-version":[{"id":1294,"href":"https:\/\/www.zds.sk\/index.php?rest_route=\/wp\/v2\/pages\/764\/revisions\/1294"}],"wp:attachment":[{"href":"https:\/\/www.zds.sk\/index.php?rest_route=%2Fwp%2Fv2%2Fmedia&parent=764"}],"curies":[{"name":"wp","href":"https:\/\/api.w.org\/{rel}","templated":true}]}}