{"id":886,"date":"2017-03-19T23:38:11","date_gmt":"2017-03-19T22:38:11","guid":{"rendered":"http:\/\/zds.sk\/?page_id=886"},"modified":"2026-03-20T21:49:52","modified_gmt":"2026-03-20T20:49:52","slug":"edukacne-centra","status":"publish","type":"page","link":"https:\/\/www.zds.sk\/?page_id=886","title":{"rendered":"Eduka\u010dn\u00e9 centr\u00e1"},"content":{"rendered":"\n<figure class=\"wp-block-table is-style-stripes\"><table class=\"has-fixed-layout\"><thead><tr><th>Centrum<\/th><th>Kontaktn\u00e1 osoba<\/th><th>Adresa<\/th><th>E-mail<\/th><th>Telef\u00f3n<\/th><\/tr><\/thead><tbody><tr><td>Centrum soci\u00e1lneho poradenstva a eduk\u00e1cie diabetikov Michalovce<\/td><td>Mgr. Lucia Demkov\u00e1<\/td><td>Partiz\u00e1nska 23, 071 01 Michalovce, <\/td><td><a href=\"mailto:ecmichalovce@gmail.com\">ecmichalovce@gmail.com<\/a><\/td><td>0908 293 043<\/td><\/tr><tr><td>Centrum soci\u00e1lneho poradenstva a eduk\u00e1cie diabetikov &#8211; NED\u00da \u013duboch\u0148a<\/td><td><span style=\"color: #222222;\">Mgr. Miroslava Hu\u0161\u0165avov\u00e1<\/span><\/td><td>Koll\u00e1rova 3, 034 91 \u013duboch\u0148a<\/td><td><a href=\"mailto:eclubochna@gmail.com\">eclubochna@gmail.com<\/a><\/td><td><span style=\"color: #222222;\">0947 119 610<\/span><\/td><\/tr><tr><td>Centrum soci\u00e1lneho poradenstva a eduk\u00e1cie diabetikov Trebi\u0161ov &#8211; Obvodn\u00fd \u00farad<\/td><td>Mgr. Lucia Demkov\u00e1<\/td><td>M. R. \u0160tefanika 1161, 075 01 Trebi\u0161ov<\/td><td><a href=\"mailto:ecmichalovce@gmail.com\">ecmichalovce@gmail.com<\/a><\/td><td>0908 293 043<\/td><\/tr><tr><td>Centrum soci\u00e1lneho poradenstva a eduk\u00e1cie diabetikov Pre\u0161ov &#8211; Diabetologick\u00e1 ambulancia, MUDr. Macko<\/td><td>Bc. Viera Ignacov\u00e1<\/td><td>Hlavn\u00e1 2972\/60, 080 01 Pre\u0161ov<\/td><td><a href=\"mailto:vignacova@centrum.sk\">vignacova@centrum.sk<\/a><\/td><td>0911 576 139<\/td><\/tr><\/tbody><\/table><\/figure>\n","protected":false},"excerpt":{"rendered":"<p>Centrum Kontaktn\u00e1 osoba Adresa E-mail Telef\u00f3n Centrum soci\u00e1lneho poradenstva a eduk\u00e1cie diabetikov Michalovce Mgr. Lucia Demkov\u00e1 Partiz\u00e1nska 23, 071 01 Michalovce, ecmichalovce@gmail.com 0908 293 043 Centrum soci\u00e1lneho poradenstva a eduk\u00e1cie diabetikov &#8211; NED\u00da \u013duboch\u0148a Mgr. Miroslava Hu\u0161\u0165avov\u00e1 Koll\u00e1rova 3, 034 91 \u013duboch\u0148a eclubochna@gmail.com 0947 119 610 Centrum soci\u00e1lneho poradenstva a eduk\u00e1cie diabetikov Trebi\u0161ov &#8211; Obvodn\u00fd&#8230;<\/p>\n","protected":false},"author":1,"featured_media":0,"parent":0,"menu_order":0,"comment_status":"closed","ping_status":"closed","template":"","meta":{"ngg_post_thumbnail":0,"_kadence_starter_templates_imported_post":false,"_kad_post_transparent":"","_kad_post_title":"","_kad_post_layout":"","_kad_post_sidebar_id":"","_kad_post_content_style":"","_kad_post_vertical_padding":"","_kad_post_feature":"","_kad_post_feature_position":"","_kad_post_header":false,"_kad_post_footer":false,"_kad_post_classname":"","footnotes":""},"class_list":["post-886","page","type-page","status-publish","hentry"],"_links":{"self":[{"href":"https:\/\/www.zds.sk\/index.php?rest_route=\/wp\/v2\/pages\/886","targetHints":{"allow":["GET"]}}],"collection":[{"href":"https:\/\/www.zds.sk\/index.php?rest_route=\/wp\/v2\/pages"}],"about":[{"href":"https:\/\/www.zds.sk\/index.php?rest_route=\/wp\/v2\/types\/page"}],"author":[{"embeddable":true,"href":"https:\/\/www.zds.sk\/index.php?rest_route=\/wp\/v2\/users\/1"}],"replies":[{"embeddable":true,"href":"https:\/\/www.zds.sk\/index.php?rest_route=%2Fwp%2Fv2%2Fcomments&post=886"}],"version-history":[{"count":13,"href":"https:\/\/www.zds.sk\/index.php?rest_route=\/wp\/v2\/pages\/886\/revisions"}],"predecessor-version":[{"id":1373,"href":"https:\/\/www.zds.sk\/index.php?rest_route=\/wp\/v2\/pages\/886\/revisions\/1373"}],"wp:attachment":[{"href":"https:\/\/www.zds.sk\/index.php?rest_route=%2Fwp%2Fv2%2Fmedia&parent=886"}],"curies":[{"name":"wp","href":"https:\/\/api.w.org\/{rel}","templated":true}]}}